{"id":4058,"date":"2017-02-17T12:51:04","date_gmt":"2017-02-17T10:51:04","guid":{"rendered":"http:\/\/www.qrious.de\/?post_type=product&#038;p=4058"},"modified":"2024-10-30T18:15:42","modified_gmt":"2024-10-30T16:15:42","slug":"feet-global-dance-party-cd","status":"publish","type":"product","link":"https:\/\/www.qrious.de\/en\/shop\/feet-global-dance-party-cd\/","title":{"rendered":"Feet &#8211; Global Dance Party (CD, Ellipsis Arts) V. A."},"content":{"rendered":"<p><span class=\"RecordingDate DisplayBlock SmallTopMargin\">Erscheinungsdatum: 01.04.2007<\/span><\/p>\n<p>Deine F\u00fcsse werden sich bewegen, deine Zehen werden rhytmisch tipsen, dein K\u00f6rper wird sich wiegen und du wirst anfangen zu l\u00e4cheln und dabei gute Laune auszustrahlen, wenn du dieses wunderbare Album mit aktuelle Ethnodance-Aufnahmen aus aller Welt h\u00f6rst und dazu tanzt. Ein inspirierendes World-Dance-Album mit riesigem Fun-Faktor von verschiedenen K\u00fcnstlern.<\/p>\n","protected":false},"excerpt":{"rendered":"<p>Feet &#8211; Global Dance Party (CD, Ellipsis Arts) V. A.<\/p>\n","protected":false},"featured_media":4059,"template":"","meta":[],"pwb-brand":[173],"product_brand":[180],"product_cat":[170,127],"product_tag":[97,136,137,128],"class_list":{"0":"post-4058","1":"product","2":"type-product","3":"status-publish","4":"has-post-thumbnail","6":"pwb-brand-ellipsis-arts","7":"product_brand-ellipsis-arts","8":"product_cat-ellipsis","9":"product_cat-weltmusik","10":"product_tag-cd","11":"product_tag-feet","12":"product_tag-global-dance-party","13":"product_tag-weltmusik","15":"first","16":"instock","17":"taxable","18":"shipping-taxable","19":"purchasable","20":"product-type-simple"},"yoast_head":"<!-- This site is optimized with the Yoast SEO plugin v26.3 - https:\/\/yoast.com\/wordpress\/plugins\/seo\/ -->\n<title>Feet - Global Dance Party (CD, Ellipsis Arts) V. A. - Q-rious Music<\/title>\n<meta name=\"robots\" content=\"index, follow, max-snippet:-1, max-image-preview:large, max-video-preview:-1\" \/>\n<link rel=\"canonical\" href=\"https:\/\/www.qrious.de\/en\/shop\/feet-global-dance-party-cd\/\" \/>\n<meta property=\"og:locale\" content=\"en_US\" \/>\n<meta property=\"og:type\" content=\"article\" \/>\n<meta property=\"og:title\" content=\"Feet - Global Dance Party (CD, Ellipsis Arts) V. A. - Q-rious Music\" \/>\n<meta property=\"og:description\" content=\"Feet - Global Dance Party (CD, Ellipsis Arts) V. A.\" \/>\n<meta property=\"og:url\" content=\"https:\/\/www.qrious.de\/en\/shop\/feet-global-dance-party-cd\/\" \/>\n<meta property=\"og:site_name\" content=\"Q-rious Music\" \/>\n<meta property=\"article:publisher\" content=\"https:\/\/www.facebook.com\/QriousMusic\/\" \/>\n<meta property=\"article:modified_time\" content=\"2024-10-30T16:15:42+00:00\" \/>\n<meta property=\"og:image\" content=\"https:\/\/www.qrious.de\/wp-content\/uploads\/2017\/02\/Feet-front.jpg\" \/>\n\t<meta property=\"og:image:width\" content=\"500\" \/>\n\t<meta property=\"og:image:height\" content=\"500\" \/>\n\t<meta property=\"og:image:type\" content=\"image\/jpeg\" \/>\n<meta name=\"twitter:card\" content=\"summary_large_image\" \/>\n<meta name=\"twitter:label1\" content=\"Est. reading time\" \/>\n\t<meta name=\"twitter:data1\" content=\"1 minute\" \/>\n<script type=\"application\/ld+json\" class=\"yoast-schema-graph\">{\"@context\":\"https:\/\/schema.org\",\"@graph\":[{\"@type\":\"WebPage\",\"@id\":\"https:\/\/www.qrious.de\/en\/shop\/feet-global-dance-party-cd\/\",\"url\":\"https:\/\/www.qrious.de\/en\/shop\/feet-global-dance-party-cd\/\",\"name\":\"Feet - Global Dance Party (CD, Ellipsis Arts) V. A. - Q-rious Music\",\"isPartOf\":{\"@id\":\"https:\/\/www.qrious.de\/en\/#website\"},\"primaryImageOfPage\":{\"@id\":\"https:\/\/www.qrious.de\/en\/shop\/feet-global-dance-party-cd\/#primaryimage\"},\"image\":{\"@id\":\"https:\/\/www.qrious.de\/en\/shop\/feet-global-dance-party-cd\/#primaryimage\"},\"thumbnailUrl\":\"https:\/\/www.qrious.de\/wp-content\/uploads\/2017\/02\/Feet-front.jpg\",\"datePublished\":\"2017-02-17T10:51:04+00:00\",\"dateModified\":\"2024-10-30T16:15:42+00:00\",\"breadcrumb\":{\"@id\":\"https:\/\/www.qrious.de\/en\/shop\/feet-global-dance-party-cd\/#breadcrumb\"},\"inLanguage\":\"en-US\",\"potentialAction\":[{\"@type\":\"ReadAction\",\"target\":[\"https:\/\/www.qrious.de\/en\/shop\/feet-global-dance-party-cd\/\"]}]},{\"@type\":\"ImageObject\",\"inLanguage\":\"en-US\",\"@id\":\"https:\/\/www.qrious.de\/en\/shop\/feet-global-dance-party-cd\/#primaryimage\",\"url\":\"https:\/\/www.qrious.de\/wp-content\/uploads\/2017\/02\/Feet-front.jpg\",\"contentUrl\":\"https:\/\/www.qrious.de\/wp-content\/uploads\/2017\/02\/Feet-front.jpg\",\"width\":500,\"height\":500},{\"@type\":\"BreadcrumbList\",\"@id\":\"https:\/\/www.qrious.de\/en\/shop\/feet-global-dance-party-cd\/#breadcrumb\",\"itemListElement\":[{\"@type\":\"ListItem\",\"position\":1,\"name\":\"Home\",\"item\":\"https:\/\/www.qrious.de\/en\/\"},{\"@type\":\"ListItem\",\"position\":2,\"name\":\"Store\",\"item\":\"https:\/\/www.qrious.de\/en\/store\/\"},{\"@type\":\"ListItem\",\"position\":3,\"name\":\"Feet &#8211; Global Dance Party (CD, Ellipsis Arts) V. A.\"}]},{\"@type\":\"WebSite\",\"@id\":\"https:\/\/www.qrious.de\/en\/#website\",\"url\":\"https:\/\/www.qrious.de\/en\/\",\"name\":\"Q-rious Music\",\"description\":\"Q-rious Music: promotion, distribution, label, publishing\",\"potentialAction\":[{\"@type\":\"SearchAction\",\"target\":{\"@type\":\"EntryPoint\",\"urlTemplate\":\"https:\/\/www.qrious.de\/en\/?s={search_term_string}\"},\"query-input\":{\"@type\":\"PropertyValueSpecification\",\"valueRequired\":true,\"valueName\":\"search_term_string\"}}],\"inLanguage\":\"en-US\"}]}<\/script>\n<!-- \/ Yoast SEO plugin. -->","yoast_head_json":{"title":"Feet - Global Dance Party (CD, Ellipsis Arts) V. A. - Q-rious Music","robots":{"index":"index","follow":"follow","max-snippet":"max-snippet:-1","max-image-preview":"max-image-preview:large","max-video-preview":"max-video-preview:-1"},"canonical":"https:\/\/www.qrious.de\/en\/shop\/feet-global-dance-party-cd\/","og_locale":"en_US","og_type":"article","og_title":"Feet - Global Dance Party (CD, Ellipsis Arts) V. A. - Q-rious Music","og_description":"Feet - Global Dance Party (CD, Ellipsis Arts) V. A.","og_url":"https:\/\/www.qrious.de\/en\/shop\/feet-global-dance-party-cd\/","og_site_name":"Q-rious Music","article_publisher":"https:\/\/www.facebook.com\/QriousMusic\/","article_modified_time":"2024-10-30T16:15:42+00:00","og_image":[{"width":500,"height":500,"url":"https:\/\/www.qrious.de\/wp-content\/uploads\/2017\/02\/Feet-front.jpg","type":"image\/jpeg"}],"twitter_card":"summary_large_image","twitter_misc":{"Est. reading time":"1 minute"},"schema":{"@context":"https:\/\/schema.org","@graph":[{"@type":"WebPage","@id":"https:\/\/www.qrious.de\/en\/shop\/feet-global-dance-party-cd\/","url":"https:\/\/www.qrious.de\/en\/shop\/feet-global-dance-party-cd\/","name":"Feet - Global Dance Party (CD, Ellipsis Arts) V. A. - Q-rious Music","isPartOf":{"@id":"https:\/\/www.qrious.de\/en\/#website"},"primaryImageOfPage":{"@id":"https:\/\/www.qrious.de\/en\/shop\/feet-global-dance-party-cd\/#primaryimage"},"image":{"@id":"https:\/\/www.qrious.de\/en\/shop\/feet-global-dance-party-cd\/#primaryimage"},"thumbnailUrl":"https:\/\/www.qrious.de\/wp-content\/uploads\/2017\/02\/Feet-front.jpg","datePublished":"2017-02-17T10:51:04+00:00","dateModified":"2024-10-30T16:15:42+00:00","breadcrumb":{"@id":"https:\/\/www.qrious.de\/en\/shop\/feet-global-dance-party-cd\/#breadcrumb"},"inLanguage":"en-US","potentialAction":[{"@type":"ReadAction","target":["https:\/\/www.qrious.de\/en\/shop\/feet-global-dance-party-cd\/"]}]},{"@type":"ImageObject","inLanguage":"en-US","@id":"https:\/\/www.qrious.de\/en\/shop\/feet-global-dance-party-cd\/#primaryimage","url":"https:\/\/www.qrious.de\/wp-content\/uploads\/2017\/02\/Feet-front.jpg","contentUrl":"https:\/\/www.qrious.de\/wp-content\/uploads\/2017\/02\/Feet-front.jpg","width":500,"height":500},{"@type":"BreadcrumbList","@id":"https:\/\/www.qrious.de\/en\/shop\/feet-global-dance-party-cd\/#breadcrumb","itemListElement":[{"@type":"ListItem","position":1,"name":"Home","item":"https:\/\/www.qrious.de\/en\/"},{"@type":"ListItem","position":2,"name":"Store","item":"https:\/\/www.qrious.de\/en\/store\/"},{"@type":"ListItem","position":3,"name":"Feet &#8211; Global Dance Party (CD, Ellipsis Arts) V. A."}]},{"@type":"WebSite","@id":"https:\/\/www.qrious.de\/en\/#website","url":"https:\/\/www.qrious.de\/en\/","name":"Q-rious Music","description":"Q-rious Music: promotion, distribution, label, publishing","potentialAction":[{"@type":"SearchAction","target":{"@type":"EntryPoint","urlTemplate":"https:\/\/www.qrious.de\/en\/?s={search_term_string}"},"query-input":{"@type":"PropertyValueSpecification","valueRequired":true,"valueName":"search_term_string"}}],"inLanguage":"en-US"}]}},"brands":[{"id":173,"name":"Ellipsis Arts","slug":"ellipsis-arts"}],"_links":{"self":[{"href":"https:\/\/www.qrious.de\/en\/wp-json\/wp\/v2\/product\/4058","targetHints":{"allow":["GET"]}}],"collection":[{"href":"https:\/\/www.qrious.de\/en\/wp-json\/wp\/v2\/product"}],"about":[{"href":"https:\/\/www.qrious.de\/en\/wp-json\/wp\/v2\/types\/product"}],"wp:featuredmedia":[{"embeddable":true,"href":"https:\/\/www.qrious.de\/en\/wp-json\/wp\/v2\/media\/4059"}],"wp:attachment":[{"href":"https:\/\/www.qrious.de\/en\/wp-json\/wp\/v2\/media?parent=4058"}],"wp:term":[{"taxonomy":"pwb-brand","embeddable":true,"href":"https:\/\/www.qrious.de\/en\/wp-json\/wp\/v2\/pwb-brand?post=4058"},{"taxonomy":"product_brand","embeddable":true,"href":"https:\/\/www.qrious.de\/en\/wp-json\/wp\/v2\/product_brand?post=4058"},{"taxonomy":"product_cat","embeddable":true,"href":"https:\/\/www.qrious.de\/en\/wp-json\/wp\/v2\/product_cat?post=4058"},{"taxonomy":"product_tag","embeddable":true,"href":"https:\/\/www.qrious.de\/en\/wp-json\/wp\/v2\/product_tag?post=4058"}],"curies":[{"name":"wp","href":"https:\/\/api.w.org\/{rel}","templated":true}]}}