{"id":4034,"date":"2017-02-16T12:52:51","date_gmt":"2017-02-16T10:52:51","guid":{"rendered":"http:\/\/www.qrious.de\/?post_type=product&#038;p=4034"},"modified":"2024-10-31T11:16:34","modified_gmt":"2024-10-31T09:16:34","slug":"tobias-sjoegren-tobias-sjoegren-cd","status":"publish","type":"product","link":"https:\/\/www.qrious.de\/en\/shop\/tobias-sjoegren-tobias-sjoegren-cd\/","title":{"rendered":"Tobias Sj\u00f6gren: Tobias Sj\u00f6gren (CD)"},"content":{"rendered":"<p>Erscheinungsdatum: 28. Oktober 2002<\/p>\n","protected":false},"excerpt":{"rendered":"<p>Tobias Sj\u00f6gren: Tobias Sj\u00f6gren (CD)<\/p>\n","protected":false},"featured_media":4035,"template":"","meta":[],"pwb-brand":[174],"product_brand":[179],"product_cat":[169],"product_tag":[],"class_list":{"0":"post-4034","1":"product","2":"type-product","3":"status-publish","4":"has-post-thumbnail","6":"pwb-brand-qriousmusic","7":"product_brand-qrious-music","8":"product_cat-q-label","10":"first","11":"instock","12":"taxable","13":"shipping-taxable","14":"purchasable","15":"product-type-simple"},"yoast_head":"<!-- This site is optimized with the Yoast SEO plugin v26.3 - https:\/\/yoast.com\/wordpress\/plugins\/seo\/ -->\n<title>Tobias Sj\u00f6gren: Tobias Sj\u00f6gren (CD) - Q-rious Music<\/title>\n<meta name=\"robots\" content=\"index, follow, max-snippet:-1, max-image-preview:large, max-video-preview:-1\" \/>\n<link rel=\"canonical\" href=\"https:\/\/www.qrious.de\/en\/shop\/tobias-sjoegren-tobias-sjoegren-cd\/\" \/>\n<meta property=\"og:locale\" content=\"en_US\" \/>\n<meta property=\"og:type\" content=\"article\" \/>\n<meta property=\"og:title\" content=\"Tobias Sj\u00f6gren: Tobias Sj\u00f6gren (CD) - Q-rious Music\" \/>\n<meta property=\"og:description\" content=\"Tobias Sj\u00f6gren: Tobias Sj\u00f6gren (CD)\" \/>\n<meta property=\"og:url\" content=\"https:\/\/www.qrious.de\/en\/shop\/tobias-sjoegren-tobias-sjoegren-cd\/\" \/>\n<meta property=\"og:site_name\" content=\"Q-rious Music\" \/>\n<meta property=\"article:publisher\" content=\"https:\/\/www.facebook.com\/QriousMusic\/\" \/>\n<meta property=\"article:modified_time\" content=\"2024-10-31T09:16:34+00:00\" \/>\n<meta property=\"og:image\" content=\"https:\/\/www.qrious.de\/wp-content\/uploads\/2017\/02\/QRM-101_Digi6P-M4_Cover.jpg\" \/>\n\t<meta property=\"og:image:width\" content=\"1594\" \/>\n\t<meta property=\"og:image:height\" content=\"1465\" \/>\n\t<meta property=\"og:image:type\" content=\"image\/jpeg\" \/>\n<meta name=\"twitter:card\" content=\"summary_large_image\" \/>\n<meta name=\"twitter:label1\" content=\"Est. reading time\" \/>\n\t<meta name=\"twitter:data1\" content=\"1 minute\" \/>\n<script type=\"application\/ld+json\" class=\"yoast-schema-graph\">{\"@context\":\"https:\/\/schema.org\",\"@graph\":[{\"@type\":\"WebPage\",\"@id\":\"https:\/\/www.qrious.de\/en\/shop\/tobias-sjoegren-tobias-sjoegren-cd\/\",\"url\":\"https:\/\/www.qrious.de\/en\/shop\/tobias-sjoegren-tobias-sjoegren-cd\/\",\"name\":\"Tobias Sj\u00f6gren: Tobias Sj\u00f6gren (CD) - Q-rious Music\",\"isPartOf\":{\"@id\":\"https:\/\/www.qrious.de\/en\/#website\"},\"primaryImageOfPage\":{\"@id\":\"https:\/\/www.qrious.de\/en\/shop\/tobias-sjoegren-tobias-sjoegren-cd\/#primaryimage\"},\"image\":{\"@id\":\"https:\/\/www.qrious.de\/en\/shop\/tobias-sjoegren-tobias-sjoegren-cd\/#primaryimage\"},\"thumbnailUrl\":\"https:\/\/www.qrious.de\/wp-content\/uploads\/2017\/02\/QRM-101_Digi6P-M4_Cover.jpg\",\"datePublished\":\"2017-02-16T10:52:51+00:00\",\"dateModified\":\"2024-10-31T09:16:34+00:00\",\"breadcrumb\":{\"@id\":\"https:\/\/www.qrious.de\/en\/shop\/tobias-sjoegren-tobias-sjoegren-cd\/#breadcrumb\"},\"inLanguage\":\"en-US\",\"potentialAction\":[{\"@type\":\"ReadAction\",\"target\":[\"https:\/\/www.qrious.de\/en\/shop\/tobias-sjoegren-tobias-sjoegren-cd\/\"]}]},{\"@type\":\"ImageObject\",\"inLanguage\":\"en-US\",\"@id\":\"https:\/\/www.qrious.de\/en\/shop\/tobias-sjoegren-tobias-sjoegren-cd\/#primaryimage\",\"url\":\"https:\/\/www.qrious.de\/wp-content\/uploads\/2017\/02\/QRM-101_Digi6P-M4_Cover.jpg\",\"contentUrl\":\"https:\/\/www.qrious.de\/wp-content\/uploads\/2017\/02\/QRM-101_Digi6P-M4_Cover.jpg\",\"width\":1594,\"height\":1465},{\"@type\":\"BreadcrumbList\",\"@id\":\"https:\/\/www.qrious.de\/en\/shop\/tobias-sjoegren-tobias-sjoegren-cd\/#breadcrumb\",\"itemListElement\":[{\"@type\":\"ListItem\",\"position\":1,\"name\":\"Home\",\"item\":\"https:\/\/www.qrious.de\/en\/\"},{\"@type\":\"ListItem\",\"position\":2,\"name\":\"Store\",\"item\":\"https:\/\/www.qrious.de\/en\/store\/\"},{\"@type\":\"ListItem\",\"position\":3,\"name\":\"Tobias Sj\u00f6gren: Tobias Sj\u00f6gren (CD)\"}]},{\"@type\":\"WebSite\",\"@id\":\"https:\/\/www.qrious.de\/en\/#website\",\"url\":\"https:\/\/www.qrious.de\/en\/\",\"name\":\"Q-rious Music\",\"description\":\"Q-rious Music: promotion, distribution, label, publishing\",\"potentialAction\":[{\"@type\":\"SearchAction\",\"target\":{\"@type\":\"EntryPoint\",\"urlTemplate\":\"https:\/\/www.qrious.de\/en\/?s={search_term_string}\"},\"query-input\":{\"@type\":\"PropertyValueSpecification\",\"valueRequired\":true,\"valueName\":\"search_term_string\"}}],\"inLanguage\":\"en-US\"}]}<\/script>\n<!-- \/ Yoast SEO plugin. -->","yoast_head_json":{"title":"Tobias Sj\u00f6gren: Tobias Sj\u00f6gren (CD) - Q-rious Music","robots":{"index":"index","follow":"follow","max-snippet":"max-snippet:-1","max-image-preview":"max-image-preview:large","max-video-preview":"max-video-preview:-1"},"canonical":"https:\/\/www.qrious.de\/en\/shop\/tobias-sjoegren-tobias-sjoegren-cd\/","og_locale":"en_US","og_type":"article","og_title":"Tobias Sj\u00f6gren: Tobias Sj\u00f6gren (CD) - Q-rious Music","og_description":"Tobias Sj\u00f6gren: Tobias Sj\u00f6gren (CD)","og_url":"https:\/\/www.qrious.de\/en\/shop\/tobias-sjoegren-tobias-sjoegren-cd\/","og_site_name":"Q-rious Music","article_publisher":"https:\/\/www.facebook.com\/QriousMusic\/","article_modified_time":"2024-10-31T09:16:34+00:00","og_image":[{"width":1594,"height":1465,"url":"https:\/\/www.qrious.de\/wp-content\/uploads\/2017\/02\/QRM-101_Digi6P-M4_Cover.jpg","type":"image\/jpeg"}],"twitter_card":"summary_large_image","twitter_misc":{"Est. reading time":"1 minute"},"schema":{"@context":"https:\/\/schema.org","@graph":[{"@type":"WebPage","@id":"https:\/\/www.qrious.de\/en\/shop\/tobias-sjoegren-tobias-sjoegren-cd\/","url":"https:\/\/www.qrious.de\/en\/shop\/tobias-sjoegren-tobias-sjoegren-cd\/","name":"Tobias Sj\u00f6gren: Tobias Sj\u00f6gren (CD) - Q-rious Music","isPartOf":{"@id":"https:\/\/www.qrious.de\/en\/#website"},"primaryImageOfPage":{"@id":"https:\/\/www.qrious.de\/en\/shop\/tobias-sjoegren-tobias-sjoegren-cd\/#primaryimage"},"image":{"@id":"https:\/\/www.qrious.de\/en\/shop\/tobias-sjoegren-tobias-sjoegren-cd\/#primaryimage"},"thumbnailUrl":"https:\/\/www.qrious.de\/wp-content\/uploads\/2017\/02\/QRM-101_Digi6P-M4_Cover.jpg","datePublished":"2017-02-16T10:52:51+00:00","dateModified":"2024-10-31T09:16:34+00:00","breadcrumb":{"@id":"https:\/\/www.qrious.de\/en\/shop\/tobias-sjoegren-tobias-sjoegren-cd\/#breadcrumb"},"inLanguage":"en-US","potentialAction":[{"@type":"ReadAction","target":["https:\/\/www.qrious.de\/en\/shop\/tobias-sjoegren-tobias-sjoegren-cd\/"]}]},{"@type":"ImageObject","inLanguage":"en-US","@id":"https:\/\/www.qrious.de\/en\/shop\/tobias-sjoegren-tobias-sjoegren-cd\/#primaryimage","url":"https:\/\/www.qrious.de\/wp-content\/uploads\/2017\/02\/QRM-101_Digi6P-M4_Cover.jpg","contentUrl":"https:\/\/www.qrious.de\/wp-content\/uploads\/2017\/02\/QRM-101_Digi6P-M4_Cover.jpg","width":1594,"height":1465},{"@type":"BreadcrumbList","@id":"https:\/\/www.qrious.de\/en\/shop\/tobias-sjoegren-tobias-sjoegren-cd\/#breadcrumb","itemListElement":[{"@type":"ListItem","position":1,"name":"Home","item":"https:\/\/www.qrious.de\/en\/"},{"@type":"ListItem","position":2,"name":"Store","item":"https:\/\/www.qrious.de\/en\/store\/"},{"@type":"ListItem","position":3,"name":"Tobias Sj\u00f6gren: Tobias Sj\u00f6gren (CD)"}]},{"@type":"WebSite","@id":"https:\/\/www.qrious.de\/en\/#website","url":"https:\/\/www.qrious.de\/en\/","name":"Q-rious Music","description":"Q-rious Music: promotion, distribution, label, publishing","potentialAction":[{"@type":"SearchAction","target":{"@type":"EntryPoint","urlTemplate":"https:\/\/www.qrious.de\/en\/?s={search_term_string}"},"query-input":{"@type":"PropertyValueSpecification","valueRequired":true,"valueName":"search_term_string"}}],"inLanguage":"en-US"}]}},"brands":[{"id":174,"name":"Q-rious Music","slug":"qriousmusic"}],"_links":{"self":[{"href":"https:\/\/www.qrious.de\/en\/wp-json\/wp\/v2\/product\/4034","targetHints":{"allow":["GET"]}}],"collection":[{"href":"https:\/\/www.qrious.de\/en\/wp-json\/wp\/v2\/product"}],"about":[{"href":"https:\/\/www.qrious.de\/en\/wp-json\/wp\/v2\/types\/product"}],"wp:featuredmedia":[{"embeddable":true,"href":"https:\/\/www.qrious.de\/en\/wp-json\/wp\/v2\/media\/4035"}],"wp:attachment":[{"href":"https:\/\/www.qrious.de\/en\/wp-json\/wp\/v2\/media?parent=4034"}],"wp:term":[{"taxonomy":"pwb-brand","embeddable":true,"href":"https:\/\/www.qrious.de\/en\/wp-json\/wp\/v2\/pwb-brand?post=4034"},{"taxonomy":"product_brand","embeddable":true,"href":"https:\/\/www.qrious.de\/en\/wp-json\/wp\/v2\/product_brand?post=4034"},{"taxonomy":"product_cat","embeddable":true,"href":"https:\/\/www.qrious.de\/en\/wp-json\/wp\/v2\/product_cat?post=4034"},{"taxonomy":"product_tag","embeddable":true,"href":"https:\/\/www.qrious.de\/en\/wp-json\/wp\/v2\/product_tag?post=4034"}],"curies":[{"name":"wp","href":"https:\/\/api.w.org\/{rel}","templated":true}]}}