{"id":4028,"date":"2017-02-16T12:40:00","date_gmt":"2017-02-16T10:40:00","guid":{"rendered":"http:\/\/www.qrious.de\/?post_type=product&#038;p=4028"},"modified":"2024-10-31T11:20:26","modified_gmt":"2024-10-31T09:20:26","slug":"nighthawks-dal-martinoreiner-winterschladen-metro-bar-2lps","status":"publish","type":"product","link":"https:\/\/www.qrious.de\/en\/shop\/nighthawks-dal-martinoreiner-winterschladen-metro-bar-2lps\/","title":{"rendered":"Nighthawks: As The Sun Sets (LP)"},"content":{"rendered":"<p>Erscheinungstermin<b>:<\/b> 2004<\/p>\n<div data-pd=\"j\">\n<div class=\"collapsable primaryTextBlock expand\">\n<p>Produzent und Bassist Dal Martino und Trompeter Reiner Winterschladen sind beide seit langem gefragte Musiker in der europ\u00e4ischen Jazz- und Pop-Szene. Inzwischen sind die Nighthawks l\u00e4ngst eine ebenso eigenst\u00e4ndige wie gesch\u00e4tzte Gr\u00f6\u00dfe in Sachen jazziger Club- und Lounge-Musik, Pr\u00e4dikat \u00bbbesonders wertvoll\u00ab. Sie stehen f\u00fcr coole Grooves und atmosph\u00e4rische Arrangements, \u00fcber denen die klare Stimme einer einsamen Trompete Geschichten aus der Gro\u00dfstadt intoniert \u2013 mal schneidend artikuliert, mal sehnsuchtsvoll gehaucht.<\/p>\n<p>Wer der Musik des Duos auch nur wenige Momente seiner Aufmerksamkeit widmet, wird nachvollziehen k\u00f6nnen, warum Martino und Winterschladen f\u00fcr ihr Projekt seinerzeit diese programmatische Bezeichnung gew\u00e4hlt haben \u2013 inspiriert durch das ber\u00fchmte gleichnamige Gem\u00e4lde von Edward Hopper aus dem Jahre 1941. Der Begriff \u00bbNighthawks\u00ab beschreibt im englischen Sprachgebrauch n\u00e4mlich Menschen, die in der Nacht aufgehen, statt darin einzugehen: Nighthawks sind auf der Jagd nach jenen Erlebnissen auf der anderen Seite des Sonnenuntergangs, die ihre N\u00e4chte besser machen als manch anderer Leute Tage. So auch Martino und Winterschladen: Das Gros der Aufnahmen musste damals tats\u00e4chlich des Nachts entstehen, weil die beiden in diversen anderen Projekten steckten.<\/p>\n<p>F\u00fcr die Aufnahme zu As the Sun Sets zogen sie au\u00dferdem erstmalig eine S\u00e4ngerin hinzu. Pat Appleton, Frontfrau von De-Phazz, und die beiden Sound-T\u00fcftler erg\u00e4nzten sich kongenial.<\/p>\n<\/div>\n<div class=\"collapsable primaryTextBlock expand\">\n<p>Nicht ohne Grund wurden sie hierf\u00fcr mit dem Jazz Award ausgezeichnet.<\/p>\n<p>Nun wird das Album aus dem Jahre 2004 in einer remasterten Version wiederver\u00f6ffentlicht.<\/p>\n<\/div>\n<\/div>\n<div data-pd=\"k\">\n<div class=\"collapsable secondaryTextBlock expand\">\n<h3>Rezensionen<\/h3>\n<p>\u00bbZehn Songperlen an denen sich die aktuellen Hip-Jazz- Werkst\u00e4tten messen lassen m\u00fcssen\u00ab (laut.?de)<\/p>\n<\/div>\n<\/div>\n<p>&nbsp;<\/p>\n","protected":false},"excerpt":{"rendered":"<p>Nighthawks: As The Sun Sets (LP)<\/p>\n","protected":false},"featured_media":21523,"template":"","meta":[],"pwb-brand":[174],"product_brand":[179],"product_cat":[82,169,91],"product_tag":[404,114,95,113,115],"class_list":{"0":"post-4028","1":"product","2":"type-product","3":"status-publish","4":"has-post-thumbnail","6":"pwb-brand-qriousmusic","7":"product_brand-qrious-music","8":"product_cat-jazz","9":"product_cat-q-label","10":"product_cat-soul","11":"product_tag-as-the-sun-sets","12":"product_tag-dal-martino","13":"product_tag-lp","14":"product_tag-nighthawks","15":"product_tag-reiner-winterschladen","17":"first","18":"instock","19":"taxable","20":"shipping-taxable","21":"purchasable","22":"product-type-simple"},"yoast_head":"<!-- This site is optimized with the Yoast SEO plugin v26.3 - https:\/\/yoast.com\/wordpress\/plugins\/seo\/ -->\n<title>Nighthawks: As The Sun Sets (LP) - Q-rious Music<\/title>\n<meta name=\"robots\" content=\"index, follow, max-snippet:-1, max-image-preview:large, max-video-preview:-1\" \/>\n<link rel=\"canonical\" href=\"https:\/\/www.qrious.de\/en\/shop\/nighthawks-dal-martinoreiner-winterschladen-metro-bar-2lps\/\" \/>\n<meta property=\"og:locale\" content=\"en_US\" \/>\n<meta property=\"og:type\" content=\"article\" \/>\n<meta property=\"og:title\" content=\"Nighthawks: As The Sun Sets (LP) - Q-rious Music\" \/>\n<meta property=\"og:description\" content=\"Nighthawks: As The Sun Sets (LP)\" \/>\n<meta property=\"og:url\" content=\"https:\/\/www.qrious.de\/en\/shop\/nighthawks-dal-martinoreiner-winterschladen-metro-bar-2lps\/\" \/>\n<meta property=\"og:site_name\" content=\"Q-rious Music\" \/>\n<meta property=\"article:publisher\" content=\"https:\/\/www.facebook.com\/QriousMusic\/\" \/>\n<meta property=\"article:modified_time\" content=\"2024-10-31T09:20:26+00:00\" \/>\n<meta property=\"og:image\" content=\"https:\/\/www.qrious.de\/wp-content\/uploads\/2017\/02\/nighthawks_atss2017_cover-web.jpg\" \/>\n\t<meta property=\"og:image:width\" content=\"1280\" \/>\n\t<meta property=\"og:image:height\" content=\"1264\" \/>\n\t<meta property=\"og:image:type\" content=\"image\/jpeg\" \/>\n<meta name=\"twitter:card\" content=\"summary_large_image\" \/>\n<meta name=\"twitter:label1\" content=\"Est. reading time\" \/>\n\t<meta name=\"twitter:data1\" content=\"2 minutes\" \/>\n<script type=\"application\/ld+json\" class=\"yoast-schema-graph\">{\"@context\":\"https:\/\/schema.org\",\"@graph\":[{\"@type\":\"WebPage\",\"@id\":\"https:\/\/www.qrious.de\/en\/shop\/nighthawks-dal-martinoreiner-winterschladen-metro-bar-2lps\/\",\"url\":\"https:\/\/www.qrious.de\/en\/shop\/nighthawks-dal-martinoreiner-winterschladen-metro-bar-2lps\/\",\"name\":\"Nighthawks: As The Sun Sets (LP) - Q-rious Music\",\"isPartOf\":{\"@id\":\"https:\/\/www.qrious.de\/en\/#website\"},\"primaryImageOfPage\":{\"@id\":\"https:\/\/www.qrious.de\/en\/shop\/nighthawks-dal-martinoreiner-winterschladen-metro-bar-2lps\/#primaryimage\"},\"image\":{\"@id\":\"https:\/\/www.qrious.de\/en\/shop\/nighthawks-dal-martinoreiner-winterschladen-metro-bar-2lps\/#primaryimage\"},\"thumbnailUrl\":\"https:\/\/www.qrious.de\/wp-content\/uploads\/2017\/02\/nighthawks_atss2017_cover-web.jpg\",\"datePublished\":\"2017-02-16T10:40:00+00:00\",\"dateModified\":\"2024-10-31T09:20:26+00:00\",\"breadcrumb\":{\"@id\":\"https:\/\/www.qrious.de\/en\/shop\/nighthawks-dal-martinoreiner-winterschladen-metro-bar-2lps\/#breadcrumb\"},\"inLanguage\":\"en-US\",\"potentialAction\":[{\"@type\":\"ReadAction\",\"target\":[\"https:\/\/www.qrious.de\/en\/shop\/nighthawks-dal-martinoreiner-winterschladen-metro-bar-2lps\/\"]}]},{\"@type\":\"ImageObject\",\"inLanguage\":\"en-US\",\"@id\":\"https:\/\/www.qrious.de\/en\/shop\/nighthawks-dal-martinoreiner-winterschladen-metro-bar-2lps\/#primaryimage\",\"url\":\"https:\/\/www.qrious.de\/wp-content\/uploads\/2017\/02\/nighthawks_atss2017_cover-web.jpg\",\"contentUrl\":\"https:\/\/www.qrious.de\/wp-content\/uploads\/2017\/02\/nighthawks_atss2017_cover-web.jpg\",\"width\":1280,\"height\":1264},{\"@type\":\"BreadcrumbList\",\"@id\":\"https:\/\/www.qrious.de\/en\/shop\/nighthawks-dal-martinoreiner-winterschladen-metro-bar-2lps\/#breadcrumb\",\"itemListElement\":[{\"@type\":\"ListItem\",\"position\":1,\"name\":\"Home\",\"item\":\"https:\/\/www.qrious.de\/en\/\"},{\"@type\":\"ListItem\",\"position\":2,\"name\":\"Store\",\"item\":\"https:\/\/www.qrious.de\/en\/store\/\"},{\"@type\":\"ListItem\",\"position\":3,\"name\":\"Nighthawks: As The Sun Sets (LP)\"}]},{\"@type\":\"WebSite\",\"@id\":\"https:\/\/www.qrious.de\/en\/#website\",\"url\":\"https:\/\/www.qrious.de\/en\/\",\"name\":\"Q-rious Music\",\"description\":\"Q-rious Music: promotion, distribution, label, publishing\",\"potentialAction\":[{\"@type\":\"SearchAction\",\"target\":{\"@type\":\"EntryPoint\",\"urlTemplate\":\"https:\/\/www.qrious.de\/en\/?s={search_term_string}\"},\"query-input\":{\"@type\":\"PropertyValueSpecification\",\"valueRequired\":true,\"valueName\":\"search_term_string\"}}],\"inLanguage\":\"en-US\"}]}<\/script>\n<!-- \/ Yoast SEO plugin. -->","yoast_head_json":{"title":"Nighthawks: As The Sun Sets (LP) - Q-rious Music","robots":{"index":"index","follow":"follow","max-snippet":"max-snippet:-1","max-image-preview":"max-image-preview:large","max-video-preview":"max-video-preview:-1"},"canonical":"https:\/\/www.qrious.de\/en\/shop\/nighthawks-dal-martinoreiner-winterschladen-metro-bar-2lps\/","og_locale":"en_US","og_type":"article","og_title":"Nighthawks: As The Sun Sets (LP) - Q-rious Music","og_description":"Nighthawks: As The Sun Sets (LP)","og_url":"https:\/\/www.qrious.de\/en\/shop\/nighthawks-dal-martinoreiner-winterschladen-metro-bar-2lps\/","og_site_name":"Q-rious Music","article_publisher":"https:\/\/www.facebook.com\/QriousMusic\/","article_modified_time":"2024-10-31T09:20:26+00:00","og_image":[{"width":1280,"height":1264,"url":"https:\/\/www.qrious.de\/wp-content\/uploads\/2017\/02\/nighthawks_atss2017_cover-web.jpg","type":"image\/jpeg"}],"twitter_card":"summary_large_image","twitter_misc":{"Est. reading time":"2 minutes"},"schema":{"@context":"https:\/\/schema.org","@graph":[{"@type":"WebPage","@id":"https:\/\/www.qrious.de\/en\/shop\/nighthawks-dal-martinoreiner-winterschladen-metro-bar-2lps\/","url":"https:\/\/www.qrious.de\/en\/shop\/nighthawks-dal-martinoreiner-winterschladen-metro-bar-2lps\/","name":"Nighthawks: As The Sun Sets (LP) - Q-rious Music","isPartOf":{"@id":"https:\/\/www.qrious.de\/en\/#website"},"primaryImageOfPage":{"@id":"https:\/\/www.qrious.de\/en\/shop\/nighthawks-dal-martinoreiner-winterschladen-metro-bar-2lps\/#primaryimage"},"image":{"@id":"https:\/\/www.qrious.de\/en\/shop\/nighthawks-dal-martinoreiner-winterschladen-metro-bar-2lps\/#primaryimage"},"thumbnailUrl":"https:\/\/www.qrious.de\/wp-content\/uploads\/2017\/02\/nighthawks_atss2017_cover-web.jpg","datePublished":"2017-02-16T10:40:00+00:00","dateModified":"2024-10-31T09:20:26+00:00","breadcrumb":{"@id":"https:\/\/www.qrious.de\/en\/shop\/nighthawks-dal-martinoreiner-winterschladen-metro-bar-2lps\/#breadcrumb"},"inLanguage":"en-US","potentialAction":[{"@type":"ReadAction","target":["https:\/\/www.qrious.de\/en\/shop\/nighthawks-dal-martinoreiner-winterschladen-metro-bar-2lps\/"]}]},{"@type":"ImageObject","inLanguage":"en-US","@id":"https:\/\/www.qrious.de\/en\/shop\/nighthawks-dal-martinoreiner-winterschladen-metro-bar-2lps\/#primaryimage","url":"https:\/\/www.qrious.de\/wp-content\/uploads\/2017\/02\/nighthawks_atss2017_cover-web.jpg","contentUrl":"https:\/\/www.qrious.de\/wp-content\/uploads\/2017\/02\/nighthawks_atss2017_cover-web.jpg","width":1280,"height":1264},{"@type":"BreadcrumbList","@id":"https:\/\/www.qrious.de\/en\/shop\/nighthawks-dal-martinoreiner-winterschladen-metro-bar-2lps\/#breadcrumb","itemListElement":[{"@type":"ListItem","position":1,"name":"Home","item":"https:\/\/www.qrious.de\/en\/"},{"@type":"ListItem","position":2,"name":"Store","item":"https:\/\/www.qrious.de\/en\/store\/"},{"@type":"ListItem","position":3,"name":"Nighthawks: As The Sun Sets (LP)"}]},{"@type":"WebSite","@id":"https:\/\/www.qrious.de\/en\/#website","url":"https:\/\/www.qrious.de\/en\/","name":"Q-rious Music","description":"Q-rious Music: promotion, distribution, label, publishing","potentialAction":[{"@type":"SearchAction","target":{"@type":"EntryPoint","urlTemplate":"https:\/\/www.qrious.de\/en\/?s={search_term_string}"},"query-input":{"@type":"PropertyValueSpecification","valueRequired":true,"valueName":"search_term_string"}}],"inLanguage":"en-US"}]}},"brands":[{"id":174,"name":"Q-rious Music","slug":"qriousmusic"}],"_links":{"self":[{"href":"https:\/\/www.qrious.de\/en\/wp-json\/wp\/v2\/product\/4028","targetHints":{"allow":["GET"]}}],"collection":[{"href":"https:\/\/www.qrious.de\/en\/wp-json\/wp\/v2\/product"}],"about":[{"href":"https:\/\/www.qrious.de\/en\/wp-json\/wp\/v2\/types\/product"}],"wp:featuredmedia":[{"embeddable":true,"href":"https:\/\/www.qrious.de\/en\/wp-json\/wp\/v2\/media\/21523"}],"wp:attachment":[{"href":"https:\/\/www.qrious.de\/en\/wp-json\/wp\/v2\/media?parent=4028"}],"wp:term":[{"taxonomy":"pwb-brand","embeddable":true,"href":"https:\/\/www.qrious.de\/en\/wp-json\/wp\/v2\/pwb-brand?post=4028"},{"taxonomy":"product_brand","embeddable":true,"href":"https:\/\/www.qrious.de\/en\/wp-json\/wp\/v2\/product_brand?post=4028"},{"taxonomy":"product_cat","embeddable":true,"href":"https:\/\/www.qrious.de\/en\/wp-json\/wp\/v2\/product_cat?post=4028"},{"taxonomy":"product_tag","embeddable":true,"href":"https:\/\/www.qrious.de\/en\/wp-json\/wp\/v2\/product_tag?post=4028"}],"curies":[{"name":"wp","href":"https:\/\/api.w.org\/{rel}","templated":true}]}}