{"id":3917,"date":"2017-02-09T13:05:03","date_gmt":"2017-02-09T11:05:03","guid":{"rendered":"http:\/\/www.qrious.de\/?post_type=product&#038;p=3917"},"modified":"2024-10-30T11:00:50","modified_gmt":"2024-10-30T09:00:50","slug":"dominic-miller-ad-hoc-lp-180g","status":"publish","type":"product","link":"https:\/\/www.qrious.de\/en\/shop\/dominic-miller-ad-hoc-lp-180g\/","title":{"rendered":"Dominic Miller: Ad Hoc (LP; 180g)"},"content":{"rendered":"<p>Erscheinungstermin<b>:<\/b> 21.2.2014<\/p>\n<p><strong>Gitarrist Dominic Miller mit seiner neuesten Platte &#8211; &#8220;Ad Hoc&#8221; <\/strong><\/p>\n<p>Einen treffenderen Titel als &#8220;Ad hoc&#8221;\u00a0 h\u00e4tte Dominic Miller f\u00fcr das neue Album wohl nicht finden k\u00f6nnen, wollte er doch die Spontaneit\u00e4t des kreativen Prozesses beim Musikmachen festhalten. Bei der Aufnahme zu dieser Platte umgab er sich mit hochkar\u00e4tigen Kollegen, wie z. B. dem Percussionisten Rhani Krija, den er f\u00fcr seinen Instinkt, seinen Humor und sein &#8220;drittes Ohr&#8221; r\u00fchmt.<\/p>\n<p>Lars Danielsson spielt am Bass und am Cello, f\u00fcr die Tasten und die Trompete engagierte er Allround-Musiker Sebastian Studnitzky. Die albanische S\u00e4ngerin Eda Zari kam eher spontan hinzu. Mit ihrem lyrischen Koloratursopran schafft sie es, den H\u00f6rer mit grosser Leidenschaft, Energie und Tiefe zu verzaubern. Ausserdem sind Dylan Fowler an der Lap Steel Guitar und Stings Fiddle-Player Peter Tickell zu h\u00f6ren.<\/p>\n<p>Die beteiligten Grenzg\u00e4nger scheren sich nicht um althergebrachte Gattungsbarrieren, in Titeln wie &#8220;Exiting Purgatory&#8221; im vertrackten 7 \/ 8-Takt, dem z\u00e4rtlich-melodischen &#8220;Eva&#8221;, der Sound-Meditation &#8220;Shavasana&#8221; und einem an Weather Report erinnernden Worldjazz in &#8220;Moroccan Roll&#8221; fallen s\u00e4mtliche Schlagb\u00e4ume zwischen den Stilen. Das Besondere ist nun, dass man beim blossen Crossover von mal Naheliegendem, mal Weitentferntem nicht stehen bleibt. Die Verbindung von Modern Jazz, Electronica, Akustikfolk, zeitgen\u00f6ssischer Klassik und Weltmusik ergibt auf &#8220;ad hoc&#8221; vielmehr etwas g\u00e4nzlich Neues. Der passende Begriff f\u00fcr die so noch nicht geh\u00f6rte Symbiose muss freilich erst noch gepr\u00e4gt werden.<\/p>\n<p>Dominic Miller wurde haupts\u00e4chlich durch seine, seit 1991 bestehende, Zusammenarbeit mit Sting richtig bekannt. Sting bezeichnet Dominic Miller gerne als &#8220;seine rechte und seine linke Hand&#8221;.<\/p>\n<p>&#8220;Ad Hoc&#8221; wurde in Deutschland aufgenommen und ist Dominic Millers bisher bestes Album.<\/p>\n<h3>Rezensionen<\/h3>\n<p>,,&#8230; eine im Ganzen transparente Mischung aus arpeggiohaften Melodien, rhythmischen Finessen und harmonischen Schwebungen. Es ist Musik, die klingt wie aus dem Moment entstanden, assoziativ und ausgewogen, dynamisch moderat und dramaturgisch dezent. Zugleich dokumentiert sie einen hellwachen Skeptiker der Opulenz, der es schafft, die Sch\u00f6nheit der Zur\u00fcckhaltung zu kultivieren &#8211; und damit eine Musik entwickelt, die man immer wieder h\u00f6ren kann.&#8221; (stereoplay, M\u00e4rz 2014)<\/p>\n","protected":false},"excerpt":{"rendered":"<p>Dominic Miller: Ad Hoc (LP; 180g)<\/p>\n","protected":false},"featured_media":3907,"template":"","meta":[],"pwb-brand":[174],"product_brand":[179],"product_cat":[82,169],"product_tag":[98,94,84,95],"class_list":{"0":"post-3917","1":"product","2":"type-product","3":"status-publish","4":"has-post-thumbnail","6":"pwb-brand-qriousmusic","7":"product_brand-qrious-music","8":"product_cat-jazz","9":"product_cat-q-label","10":"product_tag-ad-hoc","11":"product_tag-dominic-miller","12":"product_tag-jazz","13":"product_tag-lp","15":"first","16":"instock","17":"taxable","18":"shipping-taxable","19":"purchasable","20":"product-type-simple"},"yoast_head":"<!-- This site is optimized with the Yoast SEO plugin v26.3 - https:\/\/yoast.com\/wordpress\/plugins\/seo\/ -->\n<title>Dominic Miller: Ad Hoc (LP; 180g) - Q-rious Music<\/title>\n<meta name=\"robots\" content=\"index, follow, max-snippet:-1, max-image-preview:large, max-video-preview:-1\" \/>\n<link rel=\"canonical\" href=\"https:\/\/www.qrious.de\/en\/shop\/dominic-miller-ad-hoc-lp-180g\/\" \/>\n<meta property=\"og:locale\" content=\"en_US\" \/>\n<meta property=\"og:type\" content=\"article\" \/>\n<meta property=\"og:title\" content=\"Dominic Miller: Ad Hoc (LP; 180g) - Q-rious Music\" \/>\n<meta property=\"og:description\" content=\"Dominic Miller: Ad Hoc (LP; 180g)\" \/>\n<meta property=\"og:url\" content=\"https:\/\/www.qrious.de\/en\/shop\/dominic-miller-ad-hoc-lp-180g\/\" \/>\n<meta property=\"og:site_name\" content=\"Q-rious Music\" \/>\n<meta property=\"article:publisher\" content=\"https:\/\/www.facebook.com\/QriousMusic\/\" \/>\n<meta property=\"article:modified_time\" content=\"2024-10-30T09:00:50+00:00\" \/>\n<meta property=\"og:image\" content=\"https:\/\/www.qrious.de\/wp-content\/uploads\/2017\/02\/AD_HOC_Quad.jpg\" \/>\n\t<meta property=\"og:image:width\" content=\"540\" \/>\n\t<meta property=\"og:image:height\" content=\"540\" \/>\n\t<meta property=\"og:image:type\" content=\"image\/jpeg\" \/>\n<meta name=\"twitter:card\" content=\"summary_large_image\" \/>\n<meta name=\"twitter:label1\" content=\"Est. reading time\" \/>\n\t<meta name=\"twitter:data1\" content=\"3 minutes\" \/>\n<script type=\"application\/ld+json\" class=\"yoast-schema-graph\">{\"@context\":\"https:\/\/schema.org\",\"@graph\":[{\"@type\":\"WebPage\",\"@id\":\"https:\/\/www.qrious.de\/en\/shop\/dominic-miller-ad-hoc-lp-180g\/\",\"url\":\"https:\/\/www.qrious.de\/en\/shop\/dominic-miller-ad-hoc-lp-180g\/\",\"name\":\"Dominic Miller: Ad Hoc (LP; 180g) - Q-rious Music\",\"isPartOf\":{\"@id\":\"https:\/\/www.qrious.de\/en\/#website\"},\"primaryImageOfPage\":{\"@id\":\"https:\/\/www.qrious.de\/en\/shop\/dominic-miller-ad-hoc-lp-180g\/#primaryimage\"},\"image\":{\"@id\":\"https:\/\/www.qrious.de\/en\/shop\/dominic-miller-ad-hoc-lp-180g\/#primaryimage\"},\"thumbnailUrl\":\"https:\/\/www.qrious.de\/wp-content\/uploads\/2017\/02\/AD_HOC_Quad.jpg\",\"datePublished\":\"2017-02-09T11:05:03+00:00\",\"dateModified\":\"2024-10-30T09:00:50+00:00\",\"breadcrumb\":{\"@id\":\"https:\/\/www.qrious.de\/en\/shop\/dominic-miller-ad-hoc-lp-180g\/#breadcrumb\"},\"inLanguage\":\"en-US\",\"potentialAction\":[{\"@type\":\"ReadAction\",\"target\":[\"https:\/\/www.qrious.de\/en\/shop\/dominic-miller-ad-hoc-lp-180g\/\"]}]},{\"@type\":\"ImageObject\",\"inLanguage\":\"en-US\",\"@id\":\"https:\/\/www.qrious.de\/en\/shop\/dominic-miller-ad-hoc-lp-180g\/#primaryimage\",\"url\":\"https:\/\/www.qrious.de\/wp-content\/uploads\/2017\/02\/AD_HOC_Quad.jpg\",\"contentUrl\":\"https:\/\/www.qrious.de\/wp-content\/uploads\/2017\/02\/AD_HOC_Quad.jpg\",\"width\":540,\"height\":540},{\"@type\":\"BreadcrumbList\",\"@id\":\"https:\/\/www.qrious.de\/en\/shop\/dominic-miller-ad-hoc-lp-180g\/#breadcrumb\",\"itemListElement\":[{\"@type\":\"ListItem\",\"position\":1,\"name\":\"Home\",\"item\":\"https:\/\/www.qrious.de\/en\/\"},{\"@type\":\"ListItem\",\"position\":2,\"name\":\"Store\",\"item\":\"https:\/\/www.qrious.de\/en\/store\/\"},{\"@type\":\"ListItem\",\"position\":3,\"name\":\"Dominic Miller: Ad Hoc (LP; 180g)\"}]},{\"@type\":\"WebSite\",\"@id\":\"https:\/\/www.qrious.de\/en\/#website\",\"url\":\"https:\/\/www.qrious.de\/en\/\",\"name\":\"Q-rious Music\",\"description\":\"Q-rious Music: promotion, distribution, label, publishing\",\"potentialAction\":[{\"@type\":\"SearchAction\",\"target\":{\"@type\":\"EntryPoint\",\"urlTemplate\":\"https:\/\/www.qrious.de\/en\/?s={search_term_string}\"},\"query-input\":{\"@type\":\"PropertyValueSpecification\",\"valueRequired\":true,\"valueName\":\"search_term_string\"}}],\"inLanguage\":\"en-US\"}]}<\/script>\n<!-- \/ Yoast SEO plugin. -->","yoast_head_json":{"title":"Dominic Miller: Ad Hoc (LP; 180g) - Q-rious Music","robots":{"index":"index","follow":"follow","max-snippet":"max-snippet:-1","max-image-preview":"max-image-preview:large","max-video-preview":"max-video-preview:-1"},"canonical":"https:\/\/www.qrious.de\/en\/shop\/dominic-miller-ad-hoc-lp-180g\/","og_locale":"en_US","og_type":"article","og_title":"Dominic Miller: Ad Hoc (LP; 180g) - Q-rious Music","og_description":"Dominic Miller: Ad Hoc (LP; 180g)","og_url":"https:\/\/www.qrious.de\/en\/shop\/dominic-miller-ad-hoc-lp-180g\/","og_site_name":"Q-rious Music","article_publisher":"https:\/\/www.facebook.com\/QriousMusic\/","article_modified_time":"2024-10-30T09:00:50+00:00","og_image":[{"width":540,"height":540,"url":"https:\/\/www.qrious.de\/wp-content\/uploads\/2017\/02\/AD_HOC_Quad.jpg","type":"image\/jpeg"}],"twitter_card":"summary_large_image","twitter_misc":{"Est. reading time":"3 minutes"},"schema":{"@context":"https:\/\/schema.org","@graph":[{"@type":"WebPage","@id":"https:\/\/www.qrious.de\/en\/shop\/dominic-miller-ad-hoc-lp-180g\/","url":"https:\/\/www.qrious.de\/en\/shop\/dominic-miller-ad-hoc-lp-180g\/","name":"Dominic Miller: Ad Hoc (LP; 180g) - Q-rious Music","isPartOf":{"@id":"https:\/\/www.qrious.de\/en\/#website"},"primaryImageOfPage":{"@id":"https:\/\/www.qrious.de\/en\/shop\/dominic-miller-ad-hoc-lp-180g\/#primaryimage"},"image":{"@id":"https:\/\/www.qrious.de\/en\/shop\/dominic-miller-ad-hoc-lp-180g\/#primaryimage"},"thumbnailUrl":"https:\/\/www.qrious.de\/wp-content\/uploads\/2017\/02\/AD_HOC_Quad.jpg","datePublished":"2017-02-09T11:05:03+00:00","dateModified":"2024-10-30T09:00:50+00:00","breadcrumb":{"@id":"https:\/\/www.qrious.de\/en\/shop\/dominic-miller-ad-hoc-lp-180g\/#breadcrumb"},"inLanguage":"en-US","potentialAction":[{"@type":"ReadAction","target":["https:\/\/www.qrious.de\/en\/shop\/dominic-miller-ad-hoc-lp-180g\/"]}]},{"@type":"ImageObject","inLanguage":"en-US","@id":"https:\/\/www.qrious.de\/en\/shop\/dominic-miller-ad-hoc-lp-180g\/#primaryimage","url":"https:\/\/www.qrious.de\/wp-content\/uploads\/2017\/02\/AD_HOC_Quad.jpg","contentUrl":"https:\/\/www.qrious.de\/wp-content\/uploads\/2017\/02\/AD_HOC_Quad.jpg","width":540,"height":540},{"@type":"BreadcrumbList","@id":"https:\/\/www.qrious.de\/en\/shop\/dominic-miller-ad-hoc-lp-180g\/#breadcrumb","itemListElement":[{"@type":"ListItem","position":1,"name":"Home","item":"https:\/\/www.qrious.de\/en\/"},{"@type":"ListItem","position":2,"name":"Store","item":"https:\/\/www.qrious.de\/en\/store\/"},{"@type":"ListItem","position":3,"name":"Dominic Miller: Ad Hoc (LP; 180g)"}]},{"@type":"WebSite","@id":"https:\/\/www.qrious.de\/en\/#website","url":"https:\/\/www.qrious.de\/en\/","name":"Q-rious Music","description":"Q-rious Music: promotion, distribution, label, publishing","potentialAction":[{"@type":"SearchAction","target":{"@type":"EntryPoint","urlTemplate":"https:\/\/www.qrious.de\/en\/?s={search_term_string}"},"query-input":{"@type":"PropertyValueSpecification","valueRequired":true,"valueName":"search_term_string"}}],"inLanguage":"en-US"}]}},"brands":[{"id":174,"name":"Q-rious Music","slug":"qriousmusic"}],"_links":{"self":[{"href":"https:\/\/www.qrious.de\/en\/wp-json\/wp\/v2\/product\/3917","targetHints":{"allow":["GET"]}}],"collection":[{"href":"https:\/\/www.qrious.de\/en\/wp-json\/wp\/v2\/product"}],"about":[{"href":"https:\/\/www.qrious.de\/en\/wp-json\/wp\/v2\/types\/product"}],"wp:featuredmedia":[{"embeddable":true,"href":"https:\/\/www.qrious.de\/en\/wp-json\/wp\/v2\/media\/3907"}],"wp:attachment":[{"href":"https:\/\/www.qrious.de\/en\/wp-json\/wp\/v2\/media?parent=3917"}],"wp:term":[{"taxonomy":"pwb-brand","embeddable":true,"href":"https:\/\/www.qrious.de\/en\/wp-json\/wp\/v2\/pwb-brand?post=3917"},{"taxonomy":"product_brand","embeddable":true,"href":"https:\/\/www.qrious.de\/en\/wp-json\/wp\/v2\/product_brand?post=3917"},{"taxonomy":"product_cat","embeddable":true,"href":"https:\/\/www.qrious.de\/en\/wp-json\/wp\/v2\/product_cat?post=3917"},{"taxonomy":"product_tag","embeddable":true,"href":"https:\/\/www.qrious.de\/en\/wp-json\/wp\/v2\/product_tag?post=3917"}],"curies":[{"name":"wp","href":"https:\/\/api.w.org\/{rel}","templated":true}]}}