{"id":3911,"date":"2017-02-09T12:59:08","date_gmt":"2017-02-09T10:59:08","guid":{"rendered":"http:\/\/www.qrious.de\/?post_type=product&#038;p=3911"},"modified":"2024-10-30T11:07:33","modified_gmt":"2024-10-30T09:07:33","slug":"dominic-miller-5th-house-cd","status":"publish","type":"product","link":"https:\/\/www.qrious.de\/en\/shop\/dominic-miller-5th-house-cd\/","title":{"rendered":"Dominic Miller: 5th House (CD)"},"content":{"rendered":"<div class=\"box detailinfo\" data-two-col=\"left\" data-three-col=\"center\">\n<p>Erscheinungstermin<b>:<\/b> 30.3.2012<\/p>\n<\/div>\n<div id=\"red-text\" class=\"box content textlink\" data-two-col=\"left\" data-three-col=\"center\">\n<div data-pd=\"j\">\n<p>F\u00fcr &#8220;Fifth House&#8221; konnte Dominic Miller erstklassige Sidemen mit internationaler Reputation zusammentrommeln. Die bereits erw\u00e4hnten Vinnie Colaiuta (&#8220;Der gr\u00f6sste Drummer unserer Generation\u201c O-Ton Miller) und Jimmy Johnson wurden von Pino Palladino (b) und Yaron Herman (keyb) unterst\u00fctzt.<\/p>\n<p>Zu diesen Spitzenkr\u00e4ften aus aller Welt zog Dominic Miller die Mitglieder seiner Tourband hinzu, und die m\u00fcssen sich nun wahrlich ebenfalls nicht verstecken. Rhani Krija (Sting), Nicolas Fiszman (Kadja Nin) und Mike Lindup (Level 42; &#8220;Er ist der beste Allroundmusiker den ich kenne &#8211; unsere Arbeitsbeziehung ist geradezu telepathisch\u201c O-Ton Miller). Mit dieser Traumbesetzung erschuf Dominic Miller eines der besten Instrumentalalben seiner an H\u00f6hepunkten nicht gerade armen Laufbahn. Einmal mehr wartet der Gitarrist dabei mit allerlei Stilspr\u00fcngen und unerwarteten Wendungen auf. Er hat tr\u00e4umerische Klangfantasien mit harfenartigen Kl\u00e4ngen an der Akustikgitarre im Programm (Angel), pr\u00e4sentiert fetzige Saiten-Sounds, die an The Police erinnern (Only), macht als Softjazzer eine gute Figur (Embrace), verspr\u00fcht Bossa-Flair (Waves), gl\u00e4nzt mit klassizistischen Gitarrenarpeggien (Catalan) und rockt in voller Bandst\u00e4rke kr\u00e4ftig drauflos (Dead Head).<\/p>\n<p>Mit &#8220;Fifth House&#8221; f\u00fcgt Miller seiner eindrucksvollen Biographie ein weiteres Highlight hinzu.<\/p>\n<h3>Rezensionen<\/h3>\n<p>,,Seit 20 Jahren fester Begleiter von Sting, pr\u00e4sentiert Gitarrist Dominic Miller auf seinen eigenen Alben eine geschmackvolle Instrumentalmusik zwischen sanftem Rock und flauschigem Jazz, die bisweilen so unaufdringlich daherkommt, dass sie auch ohne Weiteres als Hintergrundmusik taugt.&#8221; (Stereo, April 2012)<\/p>\n<p>,,Audiophile Fusion der Extraklasse.&#8221; (stereoplay, Juni 2012)<\/p>\n<\/div>\n<\/div>\n","protected":false},"excerpt":{"rendered":"<p>Dominic Miller: 5th House (CD)<\/p>\n","protected":false},"featured_media":3912,"template":"","meta":[],"pwb-brand":[174],"product_brand":[179],"product_cat":[82,169],"product_tag":[99,97,94,84],"class_list":{"0":"post-3911","1":"product","2":"type-product","3":"status-publish","4":"has-post-thumbnail","6":"pwb-brand-qriousmusic","7":"product_brand-qrious-music","8":"product_cat-jazz","9":"product_cat-q-label","10":"product_tag-5th-house","11":"product_tag-cd","12":"product_tag-dominic-miller","13":"product_tag-jazz","15":"first","16":"instock","17":"taxable","18":"shipping-taxable","19":"purchasable","20":"product-type-simple"},"yoast_head":"<!-- This site is optimized with the Yoast SEO plugin v26.3 - https:\/\/yoast.com\/wordpress\/plugins\/seo\/ -->\n<title>Dominic Miller: 5th House (CD) - Q-rious Music<\/title>\n<meta name=\"robots\" content=\"index, follow, max-snippet:-1, max-image-preview:large, max-video-preview:-1\" \/>\n<link rel=\"canonical\" href=\"https:\/\/www.qrious.de\/en\/shop\/dominic-miller-5th-house-cd\/\" \/>\n<meta property=\"og:locale\" content=\"en_US\" \/>\n<meta property=\"og:type\" content=\"article\" \/>\n<meta property=\"og:title\" content=\"Dominic Miller: 5th House (CD) - Q-rious Music\" \/>\n<meta property=\"og:description\" content=\"Dominic Miller: 5th House (CD)\" \/>\n<meta property=\"og:url\" content=\"https:\/\/www.qrious.de\/en\/shop\/dominic-miller-5th-house-cd\/\" \/>\n<meta property=\"og:site_name\" content=\"Q-rious Music\" \/>\n<meta property=\"article:publisher\" content=\"https:\/\/www.facebook.com\/QriousMusic\/\" \/>\n<meta property=\"article:modified_time\" content=\"2024-10-30T09:07:33+00:00\" \/>\n<meta property=\"og:image\" content=\"https:\/\/www.qrious.de\/wp-content\/uploads\/2017\/02\/cover_5thHouse.jpg\" \/>\n\t<meta property=\"og:image:width\" content=\"1612\" \/>\n\t<meta property=\"og:image:height\" content=\"1456\" \/>\n\t<meta property=\"og:image:type\" content=\"image\/jpeg\" \/>\n<meta name=\"twitter:card\" content=\"summary_large_image\" \/>\n<meta name=\"twitter:label1\" content=\"Est. reading time\" \/>\n\t<meta name=\"twitter:data1\" content=\"2 minutes\" \/>\n<script type=\"application\/ld+json\" class=\"yoast-schema-graph\">{\"@context\":\"https:\/\/schema.org\",\"@graph\":[{\"@type\":\"WebPage\",\"@id\":\"https:\/\/www.qrious.de\/en\/shop\/dominic-miller-5th-house-cd\/\",\"url\":\"https:\/\/www.qrious.de\/en\/shop\/dominic-miller-5th-house-cd\/\",\"name\":\"Dominic Miller: 5th House (CD) - Q-rious Music\",\"isPartOf\":{\"@id\":\"https:\/\/www.qrious.de\/en\/#website\"},\"primaryImageOfPage\":{\"@id\":\"https:\/\/www.qrious.de\/en\/shop\/dominic-miller-5th-house-cd\/#primaryimage\"},\"image\":{\"@id\":\"https:\/\/www.qrious.de\/en\/shop\/dominic-miller-5th-house-cd\/#primaryimage\"},\"thumbnailUrl\":\"https:\/\/www.qrious.de\/wp-content\/uploads\/2017\/02\/cover_5thHouse.jpg\",\"datePublished\":\"2017-02-09T10:59:08+00:00\",\"dateModified\":\"2024-10-30T09:07:33+00:00\",\"breadcrumb\":{\"@id\":\"https:\/\/www.qrious.de\/en\/shop\/dominic-miller-5th-house-cd\/#breadcrumb\"},\"inLanguage\":\"en-US\",\"potentialAction\":[{\"@type\":\"ReadAction\",\"target\":[\"https:\/\/www.qrious.de\/en\/shop\/dominic-miller-5th-house-cd\/\"]}]},{\"@type\":\"ImageObject\",\"inLanguage\":\"en-US\",\"@id\":\"https:\/\/www.qrious.de\/en\/shop\/dominic-miller-5th-house-cd\/#primaryimage\",\"url\":\"https:\/\/www.qrious.de\/wp-content\/uploads\/2017\/02\/cover_5thHouse.jpg\",\"contentUrl\":\"https:\/\/www.qrious.de\/wp-content\/uploads\/2017\/02\/cover_5thHouse.jpg\",\"width\":1612,\"height\":1456},{\"@type\":\"BreadcrumbList\",\"@id\":\"https:\/\/www.qrious.de\/en\/shop\/dominic-miller-5th-house-cd\/#breadcrumb\",\"itemListElement\":[{\"@type\":\"ListItem\",\"position\":1,\"name\":\"Home\",\"item\":\"https:\/\/www.qrious.de\/en\/\"},{\"@type\":\"ListItem\",\"position\":2,\"name\":\"Store\",\"item\":\"https:\/\/www.qrious.de\/en\/store\/\"},{\"@type\":\"ListItem\",\"position\":3,\"name\":\"Dominic Miller: 5th House (CD)\"}]},{\"@type\":\"WebSite\",\"@id\":\"https:\/\/www.qrious.de\/en\/#website\",\"url\":\"https:\/\/www.qrious.de\/en\/\",\"name\":\"Q-rious Music\",\"description\":\"Q-rious Music: promotion, distribution, label, publishing\",\"potentialAction\":[{\"@type\":\"SearchAction\",\"target\":{\"@type\":\"EntryPoint\",\"urlTemplate\":\"https:\/\/www.qrious.de\/en\/?s={search_term_string}\"},\"query-input\":{\"@type\":\"PropertyValueSpecification\",\"valueRequired\":true,\"valueName\":\"search_term_string\"}}],\"inLanguage\":\"en-US\"}]}<\/script>\n<!-- \/ Yoast SEO plugin. -->","yoast_head_json":{"title":"Dominic Miller: 5th House (CD) - Q-rious Music","robots":{"index":"index","follow":"follow","max-snippet":"max-snippet:-1","max-image-preview":"max-image-preview:large","max-video-preview":"max-video-preview:-1"},"canonical":"https:\/\/www.qrious.de\/en\/shop\/dominic-miller-5th-house-cd\/","og_locale":"en_US","og_type":"article","og_title":"Dominic Miller: 5th House (CD) - Q-rious Music","og_description":"Dominic Miller: 5th House (CD)","og_url":"https:\/\/www.qrious.de\/en\/shop\/dominic-miller-5th-house-cd\/","og_site_name":"Q-rious Music","article_publisher":"https:\/\/www.facebook.com\/QriousMusic\/","article_modified_time":"2024-10-30T09:07:33+00:00","og_image":[{"width":1612,"height":1456,"url":"https:\/\/www.qrious.de\/wp-content\/uploads\/2017\/02\/cover_5thHouse.jpg","type":"image\/jpeg"}],"twitter_card":"summary_large_image","twitter_misc":{"Est. reading time":"2 minutes"},"schema":{"@context":"https:\/\/schema.org","@graph":[{"@type":"WebPage","@id":"https:\/\/www.qrious.de\/en\/shop\/dominic-miller-5th-house-cd\/","url":"https:\/\/www.qrious.de\/en\/shop\/dominic-miller-5th-house-cd\/","name":"Dominic Miller: 5th House (CD) - Q-rious Music","isPartOf":{"@id":"https:\/\/www.qrious.de\/en\/#website"},"primaryImageOfPage":{"@id":"https:\/\/www.qrious.de\/en\/shop\/dominic-miller-5th-house-cd\/#primaryimage"},"image":{"@id":"https:\/\/www.qrious.de\/en\/shop\/dominic-miller-5th-house-cd\/#primaryimage"},"thumbnailUrl":"https:\/\/www.qrious.de\/wp-content\/uploads\/2017\/02\/cover_5thHouse.jpg","datePublished":"2017-02-09T10:59:08+00:00","dateModified":"2024-10-30T09:07:33+00:00","breadcrumb":{"@id":"https:\/\/www.qrious.de\/en\/shop\/dominic-miller-5th-house-cd\/#breadcrumb"},"inLanguage":"en-US","potentialAction":[{"@type":"ReadAction","target":["https:\/\/www.qrious.de\/en\/shop\/dominic-miller-5th-house-cd\/"]}]},{"@type":"ImageObject","inLanguage":"en-US","@id":"https:\/\/www.qrious.de\/en\/shop\/dominic-miller-5th-house-cd\/#primaryimage","url":"https:\/\/www.qrious.de\/wp-content\/uploads\/2017\/02\/cover_5thHouse.jpg","contentUrl":"https:\/\/www.qrious.de\/wp-content\/uploads\/2017\/02\/cover_5thHouse.jpg","width":1612,"height":1456},{"@type":"BreadcrumbList","@id":"https:\/\/www.qrious.de\/en\/shop\/dominic-miller-5th-house-cd\/#breadcrumb","itemListElement":[{"@type":"ListItem","position":1,"name":"Home","item":"https:\/\/www.qrious.de\/en\/"},{"@type":"ListItem","position":2,"name":"Store","item":"https:\/\/www.qrious.de\/en\/store\/"},{"@type":"ListItem","position":3,"name":"Dominic Miller: 5th House (CD)"}]},{"@type":"WebSite","@id":"https:\/\/www.qrious.de\/en\/#website","url":"https:\/\/www.qrious.de\/en\/","name":"Q-rious Music","description":"Q-rious Music: promotion, distribution, label, publishing","potentialAction":[{"@type":"SearchAction","target":{"@type":"EntryPoint","urlTemplate":"https:\/\/www.qrious.de\/en\/?s={search_term_string}"},"query-input":{"@type":"PropertyValueSpecification","valueRequired":true,"valueName":"search_term_string"}}],"inLanguage":"en-US"}]}},"brands":[{"id":174,"name":"Q-rious Music","slug":"qriousmusic"}],"_links":{"self":[{"href":"https:\/\/www.qrious.de\/en\/wp-json\/wp\/v2\/product\/3911","targetHints":{"allow":["GET"]}}],"collection":[{"href":"https:\/\/www.qrious.de\/en\/wp-json\/wp\/v2\/product"}],"about":[{"href":"https:\/\/www.qrious.de\/en\/wp-json\/wp\/v2\/types\/product"}],"wp:featuredmedia":[{"embeddable":true,"href":"https:\/\/www.qrious.de\/en\/wp-json\/wp\/v2\/media\/3912"}],"wp:attachment":[{"href":"https:\/\/www.qrious.de\/en\/wp-json\/wp\/v2\/media?parent=3911"}],"wp:term":[{"taxonomy":"pwb-brand","embeddable":true,"href":"https:\/\/www.qrious.de\/en\/wp-json\/wp\/v2\/pwb-brand?post=3911"},{"taxonomy":"product_brand","embeddable":true,"href":"https:\/\/www.qrious.de\/en\/wp-json\/wp\/v2\/product_brand?post=3911"},{"taxonomy":"product_cat","embeddable":true,"href":"https:\/\/www.qrious.de\/en\/wp-json\/wp\/v2\/product_cat?post=3911"},{"taxonomy":"product_tag","embeddable":true,"href":"https:\/\/www.qrious.de\/en\/wp-json\/wp\/v2\/product_tag?post=3911"}],"curies":[{"name":"wp","href":"https:\/\/api.w.org\/{rel}","templated":true}]}}