{"id":3902,"date":"2017-02-09T12:42:03","date_gmt":"2017-02-09T10:42:03","guid":{"rendered":"http:\/\/www.qrious.de\/?post_type=product&#038;p=3902"},"modified":"2024-11-08T12:56:25","modified_gmt":"2024-11-08T10:56:25","slug":"dominic-miller-first-touch","status":"publish","type":"product","link":"https:\/\/www.qrious.de\/en\/shop\/dominic-miller-first-touch\/","title":{"rendered":"Dominic Miller: First Touch  (CD) New Release"},"content":{"rendered":"<h1>New Release 2024<\/h1>\n<p><strong>Erscheinungsdatum: 1.5.2015<\/strong><\/p>\n<p>Sting, in dessen Band Dominic Miller seit 1991 festes Mitglied ist, bezeichnet ihn als &#8220;meine rechte und meine linke Hand&#8221;. Deshalb wirkt er seit \u00bbThe Soul Cages\u00ab 1991 bei jeder Produktion von Sting mit, ist bei jeder Tournee dabei und leistet mit seiner sanften und unaufdringlichen Kreativit\u00e4t einen erheblichen Beitrag zur Sting&#8217;schen Klang\u00e4sthetik. Gemeinsam komponierten sie den Song \u00bbShape Of My Heart\u00ab, der zum Hit avancierte. Neben Sting veredelte er\u00a0 auch f\u00fcr andere Stars die Produktionen, wie z. B. Tina Turner, Paul Young, Phil Collins, The Pretenders und Steve Winwood, um nur einige zu nennen. Aber nicht nur als Sideman ist Miller aktiv.<\/p>\n<p>Im Jahre 1995 ver\u00f6ffentlicht er sein erstes Soloalbum \u00bbFirst Touch\u00ab, dem noch sieben weitere folgen sollten. Nach und nach sind auch die Fachpresse und das Publikum von den Qualit\u00e4ten des Gitarren-Allrounders begeistert. Er erh\u00e4lt euphorische Kritiken, in denen Begriffe wie Grazie, Anmut und Sinnlichkeit zu den Beschreibungen geh\u00f6ren. Wenn ihm die Zeit bleibt, ist er auch immer \u00f6fter mit einer hochkar\u00e4tig besetzen Band weltweit auf Tournee. Viele seiner Fans halten sein Erstlingswerk \u00bbFirst Touch\u00ab, welches von Miller damals in Eigenregie ver\u00f6ffentlicht wurde, nach wie vor f\u00fcr sein Bestes. Jetzt, nach 20 Jahren, wurde es neu gemastert und mit drei Bonus Tracks versehen.<\/p>\n<h3><\/h3>\n<h3>Rezensionen<\/h3>\n<p>\u00bbAll das ist auch nach zwei Jahrzehnten ein feint\u00f6nendes Labsal, ein Fest f\u00fcr Freunde \u00e4sthetisch vollmundig gemischter akustischer Gitarren.\u00ab (stereoplay, Juli 2015)<\/p>\n<p>\u00bbDer von Kritikern und Musikerkollegen hochgelobte Erstling erscheint nun in einer Jubil\u00e4umsedition: im Hochformat-Digipak, remastert und mit drei Bonus-Tracks. Das ist \u00fcberwiegend entschleunigte, feingesponnene und atmosph\u00e4risch dichte Gitarrenmusik, die manchmal an Pat Methenys sch\u00f6nste akustische Titel erinnert.\u00ab<br \/>\n(Good Times, August \/ September 2015)<\/p>\n","protected":false},"excerpt":{"rendered":"<p>Dominic Miller: First Touch (NEW Release)<\/p>\n","protected":false},"featured_media":21504,"template":"","meta":[],"pwb-brand":[174],"product_brand":[179],"product_cat":[82,169],"product_tag":[97,94,96,84,406],"class_list":{"0":"post-3902","1":"product","2":"type-product","3":"status-publish","4":"has-post-thumbnail","6":"pwb-brand-qriousmusic","7":"product_brand-qrious-music","8":"product_cat-jazz","9":"product_cat-q-label","10":"product_tag-cd","11":"product_tag-dominic-miller","12":"product_tag-first-touch","13":"product_tag-jazz","14":"product_tag-new-release","16":"first","17":"instock","18":"taxable","19":"shipping-taxable","20":"purchasable","21":"product-type-simple"},"yoast_head":"<!-- This site is optimized with the Yoast SEO plugin v26.3 - https:\/\/yoast.com\/wordpress\/plugins\/seo\/ -->\n<title>Dominic Miller: First Touch (CD) New Release - Q-rious Music<\/title>\n<meta name=\"robots\" content=\"index, follow, max-snippet:-1, max-image-preview:large, max-video-preview:-1\" \/>\n<link rel=\"canonical\" href=\"https:\/\/www.qrious.de\/en\/shop\/dominic-miller-first-touch\/\" \/>\n<meta property=\"og:locale\" content=\"en_US\" \/>\n<meta property=\"og:type\" content=\"article\" \/>\n<meta property=\"og:title\" content=\"Dominic Miller: First Touch (CD) New Release - Q-rious Music\" \/>\n<meta property=\"og:description\" content=\"Dominic Miller: First Touch (NEW Release)\" \/>\n<meta property=\"og:url\" content=\"https:\/\/www.qrious.de\/en\/shop\/dominic-miller-first-touch\/\" \/>\n<meta property=\"og:site_name\" content=\"Q-rious Music\" \/>\n<meta property=\"article:publisher\" content=\"https:\/\/www.facebook.com\/QriousMusic\/\" \/>\n<meta property=\"article:modified_time\" content=\"2024-11-08T10:56:25+00:00\" \/>\n<meta property=\"og:image\" content=\"https:\/\/www.qrious.de\/wp-content\/uploads\/2017\/02\/Cover-Dominic-Miller-First-Touch-CD-QRM-140.jpg\" \/>\n\t<meta property=\"og:image:width\" content=\"1650\" \/>\n\t<meta property=\"og:image:height\" content=\"1480\" \/>\n\t<meta property=\"og:image:type\" content=\"image\/jpeg\" \/>\n<meta name=\"twitter:card\" content=\"summary_large_image\" \/>\n<meta name=\"twitter:label1\" content=\"Est. reading time\" \/>\n\t<meta name=\"twitter:data1\" content=\"2 minutes\" \/>\n<script type=\"application\/ld+json\" class=\"yoast-schema-graph\">{\"@context\":\"https:\/\/schema.org\",\"@graph\":[{\"@type\":\"WebPage\",\"@id\":\"https:\/\/www.qrious.de\/en\/shop\/dominic-miller-first-touch\/\",\"url\":\"https:\/\/www.qrious.de\/en\/shop\/dominic-miller-first-touch\/\",\"name\":\"Dominic Miller: First Touch (CD) New Release - Q-rious Music\",\"isPartOf\":{\"@id\":\"https:\/\/www.qrious.de\/en\/#website\"},\"primaryImageOfPage\":{\"@id\":\"https:\/\/www.qrious.de\/en\/shop\/dominic-miller-first-touch\/#primaryimage\"},\"image\":{\"@id\":\"https:\/\/www.qrious.de\/en\/shop\/dominic-miller-first-touch\/#primaryimage\"},\"thumbnailUrl\":\"https:\/\/www.qrious.de\/wp-content\/uploads\/2017\/02\/Cover-Dominic-Miller-First-Touch-CD-QRM-140.jpg\",\"datePublished\":\"2017-02-09T10:42:03+00:00\",\"dateModified\":\"2024-11-08T10:56:25+00:00\",\"breadcrumb\":{\"@id\":\"https:\/\/www.qrious.de\/en\/shop\/dominic-miller-first-touch\/#breadcrumb\"},\"inLanguage\":\"en-US\",\"potentialAction\":[{\"@type\":\"ReadAction\",\"target\":[\"https:\/\/www.qrious.de\/en\/shop\/dominic-miller-first-touch\/\"]}]},{\"@type\":\"ImageObject\",\"inLanguage\":\"en-US\",\"@id\":\"https:\/\/www.qrious.de\/en\/shop\/dominic-miller-first-touch\/#primaryimage\",\"url\":\"https:\/\/www.qrious.de\/wp-content\/uploads\/2017\/02\/Cover-Dominic-Miller-First-Touch-CD-QRM-140.jpg\",\"contentUrl\":\"https:\/\/www.qrious.de\/wp-content\/uploads\/2017\/02\/Cover-Dominic-Miller-First-Touch-CD-QRM-140.jpg\",\"width\":1650,\"height\":1480},{\"@type\":\"BreadcrumbList\",\"@id\":\"https:\/\/www.qrious.de\/en\/shop\/dominic-miller-first-touch\/#breadcrumb\",\"itemListElement\":[{\"@type\":\"ListItem\",\"position\":1,\"name\":\"Home\",\"item\":\"https:\/\/www.qrious.de\/en\/\"},{\"@type\":\"ListItem\",\"position\":2,\"name\":\"Store\",\"item\":\"https:\/\/www.qrious.de\/en\/store\/\"},{\"@type\":\"ListItem\",\"position\":3,\"name\":\"Dominic Miller: First Touch (CD) New Release\"}]},{\"@type\":\"WebSite\",\"@id\":\"https:\/\/www.qrious.de\/en\/#website\",\"url\":\"https:\/\/www.qrious.de\/en\/\",\"name\":\"Q-rious Music\",\"description\":\"Q-rious Music: promotion, distribution, label, publishing\",\"potentialAction\":[{\"@type\":\"SearchAction\",\"target\":{\"@type\":\"EntryPoint\",\"urlTemplate\":\"https:\/\/www.qrious.de\/en\/?s={search_term_string}\"},\"query-input\":{\"@type\":\"PropertyValueSpecification\",\"valueRequired\":true,\"valueName\":\"search_term_string\"}}],\"inLanguage\":\"en-US\"}]}<\/script>\n<!-- \/ Yoast SEO plugin. -->","yoast_head_json":{"title":"Dominic Miller: First Touch (CD) New Release - Q-rious Music","robots":{"index":"index","follow":"follow","max-snippet":"max-snippet:-1","max-image-preview":"max-image-preview:large","max-video-preview":"max-video-preview:-1"},"canonical":"https:\/\/www.qrious.de\/en\/shop\/dominic-miller-first-touch\/","og_locale":"en_US","og_type":"article","og_title":"Dominic Miller: First Touch (CD) New Release - Q-rious Music","og_description":"Dominic Miller: First Touch (NEW Release)","og_url":"https:\/\/www.qrious.de\/en\/shop\/dominic-miller-first-touch\/","og_site_name":"Q-rious Music","article_publisher":"https:\/\/www.facebook.com\/QriousMusic\/","article_modified_time":"2024-11-08T10:56:25+00:00","og_image":[{"width":1650,"height":1480,"url":"https:\/\/www.qrious.de\/wp-content\/uploads\/2017\/02\/Cover-Dominic-Miller-First-Touch-CD-QRM-140.jpg","type":"image\/jpeg"}],"twitter_card":"summary_large_image","twitter_misc":{"Est. reading time":"2 minutes"},"schema":{"@context":"https:\/\/schema.org","@graph":[{"@type":"WebPage","@id":"https:\/\/www.qrious.de\/en\/shop\/dominic-miller-first-touch\/","url":"https:\/\/www.qrious.de\/en\/shop\/dominic-miller-first-touch\/","name":"Dominic Miller: First Touch (CD) New Release - Q-rious Music","isPartOf":{"@id":"https:\/\/www.qrious.de\/en\/#website"},"primaryImageOfPage":{"@id":"https:\/\/www.qrious.de\/en\/shop\/dominic-miller-first-touch\/#primaryimage"},"image":{"@id":"https:\/\/www.qrious.de\/en\/shop\/dominic-miller-first-touch\/#primaryimage"},"thumbnailUrl":"https:\/\/www.qrious.de\/wp-content\/uploads\/2017\/02\/Cover-Dominic-Miller-First-Touch-CD-QRM-140.jpg","datePublished":"2017-02-09T10:42:03+00:00","dateModified":"2024-11-08T10:56:25+00:00","breadcrumb":{"@id":"https:\/\/www.qrious.de\/en\/shop\/dominic-miller-first-touch\/#breadcrumb"},"inLanguage":"en-US","potentialAction":[{"@type":"ReadAction","target":["https:\/\/www.qrious.de\/en\/shop\/dominic-miller-first-touch\/"]}]},{"@type":"ImageObject","inLanguage":"en-US","@id":"https:\/\/www.qrious.de\/en\/shop\/dominic-miller-first-touch\/#primaryimage","url":"https:\/\/www.qrious.de\/wp-content\/uploads\/2017\/02\/Cover-Dominic-Miller-First-Touch-CD-QRM-140.jpg","contentUrl":"https:\/\/www.qrious.de\/wp-content\/uploads\/2017\/02\/Cover-Dominic-Miller-First-Touch-CD-QRM-140.jpg","width":1650,"height":1480},{"@type":"BreadcrumbList","@id":"https:\/\/www.qrious.de\/en\/shop\/dominic-miller-first-touch\/#breadcrumb","itemListElement":[{"@type":"ListItem","position":1,"name":"Home","item":"https:\/\/www.qrious.de\/en\/"},{"@type":"ListItem","position":2,"name":"Store","item":"https:\/\/www.qrious.de\/en\/store\/"},{"@type":"ListItem","position":3,"name":"Dominic Miller: First Touch (CD) New Release"}]},{"@type":"WebSite","@id":"https:\/\/www.qrious.de\/en\/#website","url":"https:\/\/www.qrious.de\/en\/","name":"Q-rious Music","description":"Q-rious Music: promotion, distribution, label, publishing","potentialAction":[{"@type":"SearchAction","target":{"@type":"EntryPoint","urlTemplate":"https:\/\/www.qrious.de\/en\/?s={search_term_string}"},"query-input":{"@type":"PropertyValueSpecification","valueRequired":true,"valueName":"search_term_string"}}],"inLanguage":"en-US"}]}},"brands":[{"id":174,"name":"Q-rious Music","slug":"qriousmusic"}],"_links":{"self":[{"href":"https:\/\/www.qrious.de\/en\/wp-json\/wp\/v2\/product\/3902","targetHints":{"allow":["GET"]}}],"collection":[{"href":"https:\/\/www.qrious.de\/en\/wp-json\/wp\/v2\/product"}],"about":[{"href":"https:\/\/www.qrious.de\/en\/wp-json\/wp\/v2\/types\/product"}],"wp:featuredmedia":[{"embeddable":true,"href":"https:\/\/www.qrious.de\/en\/wp-json\/wp\/v2\/media\/21504"}],"wp:attachment":[{"href":"https:\/\/www.qrious.de\/en\/wp-json\/wp\/v2\/media?parent=3902"}],"wp:term":[{"taxonomy":"pwb-brand","embeddable":true,"href":"https:\/\/www.qrious.de\/en\/wp-json\/wp\/v2\/pwb-brand?post=3902"},{"taxonomy":"product_brand","embeddable":true,"href":"https:\/\/www.qrious.de\/en\/wp-json\/wp\/v2\/product_brand?post=3902"},{"taxonomy":"product_cat","embeddable":true,"href":"https:\/\/www.qrious.de\/en\/wp-json\/wp\/v2\/product_cat?post=3902"},{"taxonomy":"product_tag","embeddable":true,"href":"https:\/\/www.qrious.de\/en\/wp-json\/wp\/v2\/product_tag?post=3902"}],"curies":[{"name":"wp","href":"https:\/\/api.w.org\/{rel}","templated":true}]}}