{"id":21359,"date":"2017-02-17T13:01:05","date_gmt":"2017-02-17T11:01:05","guid":{"rendered":"https:\/\/www.qrious.de\/shop\/celtic-dreams\/"},"modified":"2017-02-17T13:01:05","modified_gmt":"2017-02-17T11:01:05","slug":"celtic-dreams","status":"publish","type":"product","link":"https:\/\/www.qrious.de\/en\/shop\/celtic-dreams\/","title":{"rendered":"Celtic Dreams"},"content":{"rendered":"<p>Erscheinungsdatum: 01.05.2011 Dies Album bietet eine kissenweiche, von Eltern zusammengestellte und Silber-pr\u00c3\u00a4mierte Zusammenstellung unwiderstehlicher Schlafges\u00c3\u00a4nge und Instrumentalst\u00c3\u00bccke aus f\u00c3\u00bcnf keltischen Regionen. Die Wiegenlieder k\u00c3\u00bcnden von Fabelwesen und magischen Gesch\u00c3\u00b6pfen und werden in ihren Originalsprachen gesungen: Irish, Gaelisch, Walisisch, Schottisch, Manx und Englisch. Ein Garant f\u00c3\u00bcr den sanften \u00c3\u0153bertritt ins Land der Tr\u00c3\u00a4ume.<\/p>\n","protected":false},"excerpt":{"rendered":"<p>Celtic Dreams (CD, Ellipsis Arts) V. A.<\/p>\n","protected":false},"featured_media":18639,"template":"","meta":[],"pwb-brand":[173],"product_brand":[180],"product_cat":[372,376],"product_tag":[377,384,378,379],"class_list":{"0":"post-21359","1":"product","2":"type-product","3":"status-publish","4":"has-post-thumbnail","6":"pwb-brand-ellipsis-arts","7":"product_brand-ellipsis-arts","8":"product_cat-elipsis","9":"product_cat-worldmusic-en","10":"product_tag-cd-en","11":"product_tag-celtic-dreams-en","12":"product_tag-ellipsis-arts-en","13":"product_tag-v-a-en","15":"first","16":"instock","17":"taxable","18":"shipping-taxable","19":"purchasable","20":"product-type-simple"},"yoast_head":"<!-- This site is optimized with the Yoast SEO plugin v26.3 - https:\/\/yoast.com\/wordpress\/plugins\/seo\/ -->\n<title>Celtic Dreams - Q-rious Music<\/title>\n<meta name=\"robots\" content=\"index, follow, max-snippet:-1, max-image-preview:large, max-video-preview:-1\" \/>\n<link rel=\"canonical\" href=\"https:\/\/www.qrious.de\/en\/shop\/celtic-dreams\/\" \/>\n<meta property=\"og:locale\" content=\"en_US\" \/>\n<meta property=\"og:type\" content=\"article\" \/>\n<meta property=\"og:title\" content=\"Celtic Dreams - Q-rious Music\" \/>\n<meta property=\"og:description\" content=\"Celtic Dreams (CD, Ellipsis Arts) V. A.\" \/>\n<meta property=\"og:url\" content=\"https:\/\/www.qrious.de\/en\/shop\/celtic-dreams\/\" \/>\n<meta property=\"og:site_name\" content=\"Q-rious Music\" \/>\n<meta property=\"article:publisher\" content=\"https:\/\/www.facebook.com\/QriousMusic\/\" \/>\n<meta name=\"twitter:card\" content=\"summary_large_image\" \/>\n<script type=\"application\/ld+json\" class=\"yoast-schema-graph\">{\"@context\":\"https:\/\/schema.org\",\"@graph\":[{\"@type\":\"WebPage\",\"@id\":\"https:\/\/www.qrious.de\/en\/shop\/celtic-dreams\/\",\"url\":\"https:\/\/www.qrious.de\/en\/shop\/celtic-dreams\/\",\"name\":\"Celtic Dreams - Q-rious Music\",\"isPartOf\":{\"@id\":\"https:\/\/www.qrious.de\/en\/#website\"},\"primaryImageOfPage\":{\"@id\":\"https:\/\/www.qrious.de\/en\/shop\/celtic-dreams\/#primaryimage\"},\"image\":{\"@id\":\"https:\/\/www.qrious.de\/en\/shop\/celtic-dreams\/#primaryimage\"},\"thumbnailUrl\":\"https:\/\/www.qrious.de\/wp-content\/uploads\/2017\/02\/Celtic-dreams-front.jpg\",\"datePublished\":\"2017-02-17T11:01:05+00:00\",\"breadcrumb\":{\"@id\":\"https:\/\/www.qrious.de\/en\/shop\/celtic-dreams\/#breadcrumb\"},\"inLanguage\":\"en-US\",\"potentialAction\":[{\"@type\":\"ReadAction\",\"target\":[\"https:\/\/www.qrious.de\/en\/shop\/celtic-dreams\/\"]}]},{\"@type\":\"ImageObject\",\"inLanguage\":\"en-US\",\"@id\":\"https:\/\/www.qrious.de\/en\/shop\/celtic-dreams\/#primaryimage\",\"url\":\"https:\/\/www.qrious.de\/wp-content\/uploads\/2017\/02\/Celtic-dreams-front.jpg\",\"contentUrl\":\"https:\/\/www.qrious.de\/wp-content\/uploads\/2017\/02\/Celtic-dreams-front.jpg\",\"width\":500,\"height\":441},{\"@type\":\"BreadcrumbList\",\"@id\":\"https:\/\/www.qrious.de\/en\/shop\/celtic-dreams\/#breadcrumb\",\"itemListElement\":[{\"@type\":\"ListItem\",\"position\":1,\"name\":\"Home\",\"item\":\"https:\/\/www.qrious.de\/en\/\"},{\"@type\":\"ListItem\",\"position\":2,\"name\":\"Store\",\"item\":\"https:\/\/www.qrious.de\/en\/store\/\"},{\"@type\":\"ListItem\",\"position\":3,\"name\":\"Celtic Dreams\"}]},{\"@type\":\"WebSite\",\"@id\":\"https:\/\/www.qrious.de\/en\/#website\",\"url\":\"https:\/\/www.qrious.de\/en\/\",\"name\":\"Q-rious Music\",\"description\":\"Q-rious Music: promotion, distribution, label, publishing\",\"potentialAction\":[{\"@type\":\"SearchAction\",\"target\":{\"@type\":\"EntryPoint\",\"urlTemplate\":\"https:\/\/www.qrious.de\/en\/?s={search_term_string}\"},\"query-input\":{\"@type\":\"PropertyValueSpecification\",\"valueRequired\":true,\"valueName\":\"search_term_string\"}}],\"inLanguage\":\"en-US\"}]}<\/script>\n<!-- \/ Yoast SEO plugin. -->","yoast_head_json":{"title":"Celtic Dreams - Q-rious Music","robots":{"index":"index","follow":"follow","max-snippet":"max-snippet:-1","max-image-preview":"max-image-preview:large","max-video-preview":"max-video-preview:-1"},"canonical":"https:\/\/www.qrious.de\/en\/shop\/celtic-dreams\/","og_locale":"en_US","og_type":"article","og_title":"Celtic Dreams - Q-rious Music","og_description":"Celtic Dreams (CD, Ellipsis Arts) V. A.","og_url":"https:\/\/www.qrious.de\/en\/shop\/celtic-dreams\/","og_site_name":"Q-rious Music","article_publisher":"https:\/\/www.facebook.com\/QriousMusic\/","twitter_card":"summary_large_image","schema":{"@context":"https:\/\/schema.org","@graph":[{"@type":"WebPage","@id":"https:\/\/www.qrious.de\/en\/shop\/celtic-dreams\/","url":"https:\/\/www.qrious.de\/en\/shop\/celtic-dreams\/","name":"Celtic Dreams - Q-rious Music","isPartOf":{"@id":"https:\/\/www.qrious.de\/en\/#website"},"primaryImageOfPage":{"@id":"https:\/\/www.qrious.de\/en\/shop\/celtic-dreams\/#primaryimage"},"image":{"@id":"https:\/\/www.qrious.de\/en\/shop\/celtic-dreams\/#primaryimage"},"thumbnailUrl":"https:\/\/www.qrious.de\/wp-content\/uploads\/2017\/02\/Celtic-dreams-front.jpg","datePublished":"2017-02-17T11:01:05+00:00","breadcrumb":{"@id":"https:\/\/www.qrious.de\/en\/shop\/celtic-dreams\/#breadcrumb"},"inLanguage":"en-US","potentialAction":[{"@type":"ReadAction","target":["https:\/\/www.qrious.de\/en\/shop\/celtic-dreams\/"]}]},{"@type":"ImageObject","inLanguage":"en-US","@id":"https:\/\/www.qrious.de\/en\/shop\/celtic-dreams\/#primaryimage","url":"https:\/\/www.qrious.de\/wp-content\/uploads\/2017\/02\/Celtic-dreams-front.jpg","contentUrl":"https:\/\/www.qrious.de\/wp-content\/uploads\/2017\/02\/Celtic-dreams-front.jpg","width":500,"height":441},{"@type":"BreadcrumbList","@id":"https:\/\/www.qrious.de\/en\/shop\/celtic-dreams\/#breadcrumb","itemListElement":[{"@type":"ListItem","position":1,"name":"Home","item":"https:\/\/www.qrious.de\/en\/"},{"@type":"ListItem","position":2,"name":"Store","item":"https:\/\/www.qrious.de\/en\/store\/"},{"@type":"ListItem","position":3,"name":"Celtic Dreams"}]},{"@type":"WebSite","@id":"https:\/\/www.qrious.de\/en\/#website","url":"https:\/\/www.qrious.de\/en\/","name":"Q-rious Music","description":"Q-rious Music: promotion, distribution, label, publishing","potentialAction":[{"@type":"SearchAction","target":{"@type":"EntryPoint","urlTemplate":"https:\/\/www.qrious.de\/en\/?s={search_term_string}"},"query-input":{"@type":"PropertyValueSpecification","valueRequired":true,"valueName":"search_term_string"}}],"inLanguage":"en-US"}]}},"brands":[{"id":173,"name":"Ellipsis Arts","slug":"ellipsis-arts"}],"_links":{"self":[{"href":"https:\/\/www.qrious.de\/en\/wp-json\/wp\/v2\/product\/21359","targetHints":{"allow":["GET"]}}],"collection":[{"href":"https:\/\/www.qrious.de\/en\/wp-json\/wp\/v2\/product"}],"about":[{"href":"https:\/\/www.qrious.de\/en\/wp-json\/wp\/v2\/types\/product"}],"wp:featuredmedia":[{"embeddable":true,"href":"https:\/\/www.qrious.de\/en\/wp-json\/wp\/v2\/media\/18639"}],"wp:attachment":[{"href":"https:\/\/www.qrious.de\/en\/wp-json\/wp\/v2\/media?parent=21359"}],"wp:term":[{"taxonomy":"pwb-brand","embeddable":true,"href":"https:\/\/www.qrious.de\/en\/wp-json\/wp\/v2\/pwb-brand?post=21359"},{"taxonomy":"product_brand","embeddable":true,"href":"https:\/\/www.qrious.de\/en\/wp-json\/wp\/v2\/product_brand?post=21359"},{"taxonomy":"product_cat","embeddable":true,"href":"https:\/\/www.qrious.de\/en\/wp-json\/wp\/v2\/product_cat?post=21359"},{"taxonomy":"product_tag","embeddable":true,"href":"https:\/\/www.qrious.de\/en\/wp-json\/wp\/v2\/product_tag?post=21359"}],"curies":[{"name":"wp","href":"https:\/\/api.w.org\/{rel}","templated":true}]}}