{"id":20569,"date":"2016-08-23T15:32:00","date_gmt":"2016-08-23T13:32:00","guid":{"rendered":"https:\/\/www.qrious.de\/tour-dates\/"},"modified":"2026-04-23T10:42:48","modified_gmt":"2026-04-23T08:42:48","slug":"tour-dates","status":"publish","type":"page","link":"https:\/\/www.qrious.de\/en\/tour-dates\/","title":{"rendered":"Tour dates"},"content":{"rendered":"<div class=\"wpb-content-wrapper\"><p>[vc_row][vc_column][vc_custom_heading text=&#8221;Tour dates:&#8221; font_container=&#8221;tag:h3|text_align:left|color:%23df5461&#8243; google_fonts=&#8221;font_family:Arimo%3Aregular%2Citalic%2C700%2C700italic|font_style:400%20regular%3A400%3Anormal&#8221;][vc_empty_space height=&#8221;40px&#8221;][\/vc_column][\/vc_row][vc_row][vc_column][vc_tta_tour style=&#8221;modern&#8221; color=&#8221;mulled-wine&#8221; active_section=&#8221;1&#8243;][vc_tta_section title=&#8221;Dominique Fils-Aim\u00e9&#8221; tab_id=&#8221;1746439006534-ee1eda96-a682&#8243;][vc_column_text css=&#8221;&#8221;]<\/p>\n<h3><strong>Dominique Fils-Aim\u00e9 Tour 2026<\/strong><\/h3>\n<table style=\"border-collapse: collapse; width: 72.1284%; height: 175px;\">\n<tbody>\n<tr style=\"height: 24px;\">\n<td style=\"width: 14.9954%; height: 24px;\">20.03.<\/td>\n<td style=\"width: 85.0046%; height: 24px;\">M\u00fcnchen, Bergson<\/td>\n<\/tr>\n<tr style=\"height: 24px;\">\n<td style=\"width: 14.9954%; height: 24px;\">22.03.<\/td>\n<td style=\"width: 85.0046%; height: 24px;\">Z\u00fcrich, Moods<\/td>\n<\/tr>\n<tr style=\"height: 24px;\">\n<td style=\"width: 14.9954%; height: 24px;\">24.03.<\/td>\n<td style=\"width: 85.0046%; height: 24px;\">Reutlingen, Franz. K<\/td>\n<\/tr>\n<tr style=\"height: 24px;\">\n<td style=\"width: 14.9954%; height: 27px;\">25.03.<\/td>\n<td style=\"width: 85.0046%; height: 27px;\">Mainz, Frankfurter Hof<\/td>\n<\/tr>\n<tr style=\"height: 24px;\">\n<td style=\"width: 14.9954%; height: 26px;\">05.04.<\/td>\n<td style=\"width: 85.0046%; height: 26px;\">Bern, bee-flat im PROGR<\/td>\n<\/tr>\n<tr style=\"height: 26px;\">\n<td style=\"width: 14.9954%; height: 26px;\">08.07.<\/td>\n<td style=\"width: 85.0046%; height: 26px;\">Berlin, Gretchen<\/td>\n<\/tr>\n<tr style=\"height: 24px;\">\n<td style=\"width: 14.9954%; height: 24px;\">11.07.<\/td>\n<td style=\"width: 85.0046%; height: 24px;\">Hamburg, Elbjazz 2026<\/td>\n<\/tr>\n<\/tbody>\n<\/table>\n<p>&nbsp;<\/p>\n<p>[\/vc_column_text][\/vc_tta_section][vc_tta_section title=&#8221;Pippo Pollina &amp; Quartetto Acustico&#8221; tab_id=&#8221;1741093690382-61663e2a-7569&#8243;][vc_column_text css=&#8221;&#8221;]<\/p>\n<h3>Pippo Pollina &amp; Quartetto Acustico live<\/h3>\n<table>\n<tbody>\n<tr>\n<td><strong>13.05.2026<\/strong><\/td>\n<td>\n<h4>Sontheim | Dampfs\u00e4g<\/h4>\n<\/td>\n<\/tr>\n<tr>\n<td><strong>14.05.2026<\/strong><\/td>\n<td>\n<h4>Friedrichshafen | Bahnhof Fischbach<\/h4>\n<\/td>\n<\/tr>\n<tr>\n<td><strong>15.05.2026<\/strong><\/td>\n<td>\n<h4>Ebersberg | Alter Speicher<\/h4>\n<\/td>\n<\/tr>\n<tr>\n<td><strong>16.05.2026<\/strong><\/td>\n<td>\n<h4>Frankfurt am Main | Alte Oper<\/h4>\n<\/td>\n<\/tr>\n<tr>\n<td><strong>17.05.2026<\/strong><\/td>\n<td>\n<h4>L\u00f6rrach | Burghof<\/h4>\n<\/td>\n<\/tr>\n<tr>\n<td><strong>19.05.2026<\/strong><\/td>\n<td>\n<h4>Bonn | Pantheon<\/h4>\n<\/td>\n<\/tr>\n<\/tbody>\n<\/table>\n<p>&nbsp;<\/p>\n<p>Alle Livetermine von Pippo Pollina unter: <a href=\"http:\/\/www.pippopollina.com\">www.pippopollina.com<\/a>[\/vc_column_text][\/vc_tta_section][\/vc_tta_tour][\/vc_column][\/vc_row]<\/p>\n<\/div>","protected":false},"excerpt":{"rendered":"<p>[vc_row][vc_column][vc_custom_heading text=&#8221;Tour dates:&#8221; font_container=&#8221;tag:h3|text_align:left|color:%23df5461&#8243; google_fonts=&#8221;font_family:Arimo%3Aregular%2Citalic%2C700%2C700italic|font_style:400%20regular%3A400%3Anormal&#8221;][vc_empty_space height=&#8221;40px&#8221;][\/vc_column][\/vc_row][vc_row][vc_column][vc_tta_tour style=&#8221;modern&#8221; color=&#8221;mulled-wine&#8221; active_section=&#8221;1&#8243;][vc_tta_section title=&#8221;Dominique Fils-Aim\u00e9&#8221; tab_id=&#8221;1746439006534-ee1eda96-a682&#8243;][vc_column_text css=&#8221;&#8221;] Dominique Fils-Aim\u00e9 Tour 2026 20.03. M\u00fcnchen, Bergson 22.03. Z\u00fcrich, Moods 24.03. Reutlingen, Franz. K 25.03. Mainz, Frankfurter Hof 05.04. Bern, bee-flat im PROGR 08.07. Berlin, Gretchen 11.07. Hamburg, Elbjazz 2026 &nbsp; [\/vc_column_text][\/vc_tta_section][vc_tta_section title=&#8221;Pippo Pollina &amp; Quartetto Acustico&#8221; tab_id=&#8221;1741093690382-61663e2a-7569&#8243;][vc_column_text css=&#8221;&#8221;] Pippo Pollina &amp; [&hellip;]<\/p>\n","protected":false},"author":6,"featured_media":0,"parent":0,"menu_order":0,"comment_status":"closed","ping_status":"closed","template":"","meta":{"footnotes":""},"class_list":["post-20569","page","type-page","status-publish","hentry"],"yoast_head":"<!-- This site is optimized with the Yoast SEO plugin v26.3 - https:\/\/yoast.com\/wordpress\/plugins\/seo\/ -->\n<title>Tour dates - Q-rious Music<\/title>\n<meta name=\"robots\" content=\"index, follow, max-snippet:-1, max-image-preview:large, max-video-preview:-1\" \/>\n<link rel=\"canonical\" href=\"https:\/\/www.qrious.de\/en\/tour-dates\/\" \/>\n<meta property=\"og:locale\" content=\"en_US\" \/>\n<meta property=\"og:type\" content=\"article\" \/>\n<meta property=\"og:title\" content=\"Tour dates - Q-rious Music\" \/>\n<meta property=\"og:description\" content=\"[vc_row][vc_column][vc_custom_heading text=&#8221;Tour dates:&#8221; font_container=&#8221;tag:h3|text_align:left|color:%23df5461&#8243; google_fonts=&#8221;font_family:Arimo%3Aregular%2Citalic%2C700%2C700italic|font_style:400%20regular%3A400%3Anormal&#8221;][vc_empty_space height=&#8221;40px&#8221;][\/vc_column][\/vc_row][vc_row][vc_column][vc_tta_tour style=&#8221;modern&#8221; color=&#8221;mulled-wine&#8221; active_section=&#8221;1&#8243;][vc_tta_section title=&#8221;Dominique Fils-Aim\u00e9&#8221; tab_id=&#8221;1746439006534-ee1eda96-a682&#8243;][vc_column_text css=&#8221;&#8221;] Dominique Fils-Aim\u00e9 Tour 2026 20.03. M\u00fcnchen, Bergson 22.03. Z\u00fcrich, Moods 24.03. Reutlingen, Franz. K 25.03. Mainz, Frankfurter Hof 05.04. Bern, bee-flat im PROGR 08.07. Berlin, Gretchen 11.07. Hamburg, Elbjazz 2026 &nbsp; [\/vc_column_text][\/vc_tta_section][vc_tta_section title=&#8221;Pippo Pollina &amp; Quartetto Acustico&#8221; tab_id=&#8221;1741093690382-61663e2a-7569&#8243;][vc_column_text css=&#8221;&#8221;] Pippo Pollina &amp; [&hellip;]\" \/>\n<meta property=\"og:url\" content=\"https:\/\/www.qrious.de\/en\/tour-dates\/\" \/>\n<meta property=\"og:site_name\" content=\"Q-rious Music\" \/>\n<meta property=\"article:publisher\" content=\"https:\/\/www.facebook.com\/QriousMusic\/\" \/>\n<meta property=\"article:modified_time\" content=\"2026-04-23T08:42:48+00:00\" \/>\n<meta name=\"twitter:card\" content=\"summary_large_image\" \/>\n<meta name=\"twitter:label1\" content=\"Est. reading time\" \/>\n\t<meta name=\"twitter:data1\" content=\"1 minute\" \/>\n<script type=\"application\/ld+json\" class=\"yoast-schema-graph\">{\"@context\":\"https:\/\/schema.org\",\"@graph\":[{\"@type\":\"WebPage\",\"@id\":\"https:\/\/www.qrious.de\/en\/tour-dates\/\",\"url\":\"https:\/\/www.qrious.de\/en\/tour-dates\/\",\"name\":\"Tour dates - Q-rious Music\",\"isPartOf\":{\"@id\":\"https:\/\/www.qrious.de\/en\/#website\"},\"datePublished\":\"2016-08-23T13:32:00+00:00\",\"dateModified\":\"2026-04-23T08:42:48+00:00\",\"breadcrumb\":{\"@id\":\"https:\/\/www.qrious.de\/en\/tour-dates\/#breadcrumb\"},\"inLanguage\":\"en-US\",\"potentialAction\":[{\"@type\":\"ReadAction\",\"target\":[\"https:\/\/www.qrious.de\/en\/tour-dates\/\"]}]},{\"@type\":\"BreadcrumbList\",\"@id\":\"https:\/\/www.qrious.de\/en\/tour-dates\/#breadcrumb\",\"itemListElement\":[{\"@type\":\"ListItem\",\"position\":1,\"name\":\"Home\",\"item\":\"https:\/\/www.qrious.de\/en\/\"},{\"@type\":\"ListItem\",\"position\":2,\"name\":\"Tour dates\"}]},{\"@type\":\"WebSite\",\"@id\":\"https:\/\/www.qrious.de\/en\/#website\",\"url\":\"https:\/\/www.qrious.de\/en\/\",\"name\":\"Q-rious Music\",\"description\":\"Q-rious Music: promotion, distribution, label, publishing\",\"potentialAction\":[{\"@type\":\"SearchAction\",\"target\":{\"@type\":\"EntryPoint\",\"urlTemplate\":\"https:\/\/www.qrious.de\/en\/?s={search_term_string}\"},\"query-input\":{\"@type\":\"PropertyValueSpecification\",\"valueRequired\":true,\"valueName\":\"search_term_string\"}}],\"inLanguage\":\"en-US\"}]}<\/script>\n<!-- \/ Yoast SEO plugin. -->","yoast_head_json":{"title":"Tour dates - Q-rious Music","robots":{"index":"index","follow":"follow","max-snippet":"max-snippet:-1","max-image-preview":"max-image-preview:large","max-video-preview":"max-video-preview:-1"},"canonical":"https:\/\/www.qrious.de\/en\/tour-dates\/","og_locale":"en_US","og_type":"article","og_title":"Tour dates - Q-rious Music","og_description":"[vc_row][vc_column][vc_custom_heading text=&#8221;Tour dates:&#8221; font_container=&#8221;tag:h3|text_align:left|color:%23df5461&#8243; google_fonts=&#8221;font_family:Arimo%3Aregular%2Citalic%2C700%2C700italic|font_style:400%20regular%3A400%3Anormal&#8221;][vc_empty_space height=&#8221;40px&#8221;][\/vc_column][\/vc_row][vc_row][vc_column][vc_tta_tour style=&#8221;modern&#8221; color=&#8221;mulled-wine&#8221; active_section=&#8221;1&#8243;][vc_tta_section title=&#8221;Dominique Fils-Aim\u00e9&#8221; tab_id=&#8221;1746439006534-ee1eda96-a682&#8243;][vc_column_text css=&#8221;&#8221;] Dominique Fils-Aim\u00e9 Tour 2026 20.03. M\u00fcnchen, Bergson 22.03. Z\u00fcrich, Moods 24.03. Reutlingen, Franz. K 25.03. Mainz, Frankfurter Hof 05.04. Bern, bee-flat im PROGR 08.07. Berlin, Gretchen 11.07. Hamburg, Elbjazz 2026 &nbsp; [\/vc_column_text][\/vc_tta_section][vc_tta_section title=&#8221;Pippo Pollina &amp; Quartetto Acustico&#8221; tab_id=&#8221;1741093690382-61663e2a-7569&#8243;][vc_column_text css=&#8221;&#8221;] Pippo Pollina &amp; [&hellip;]","og_url":"https:\/\/www.qrious.de\/en\/tour-dates\/","og_site_name":"Q-rious Music","article_publisher":"https:\/\/www.facebook.com\/QriousMusic\/","article_modified_time":"2026-04-23T08:42:48+00:00","twitter_card":"summary_large_image","twitter_misc":{"Est. reading time":"1 minute"},"schema":{"@context":"https:\/\/schema.org","@graph":[{"@type":"WebPage","@id":"https:\/\/www.qrious.de\/en\/tour-dates\/","url":"https:\/\/www.qrious.de\/en\/tour-dates\/","name":"Tour dates - Q-rious Music","isPartOf":{"@id":"https:\/\/www.qrious.de\/en\/#website"},"datePublished":"2016-08-23T13:32:00+00:00","dateModified":"2026-04-23T08:42:48+00:00","breadcrumb":{"@id":"https:\/\/www.qrious.de\/en\/tour-dates\/#breadcrumb"},"inLanguage":"en-US","potentialAction":[{"@type":"ReadAction","target":["https:\/\/www.qrious.de\/en\/tour-dates\/"]}]},{"@type":"BreadcrumbList","@id":"https:\/\/www.qrious.de\/en\/tour-dates\/#breadcrumb","itemListElement":[{"@type":"ListItem","position":1,"name":"Home","item":"https:\/\/www.qrious.de\/en\/"},{"@type":"ListItem","position":2,"name":"Tour dates"}]},{"@type":"WebSite","@id":"https:\/\/www.qrious.de\/en\/#website","url":"https:\/\/www.qrious.de\/en\/","name":"Q-rious Music","description":"Q-rious Music: promotion, distribution, label, publishing","potentialAction":[{"@type":"SearchAction","target":{"@type":"EntryPoint","urlTemplate":"https:\/\/www.qrious.de\/en\/?s={search_term_string}"},"query-input":{"@type":"PropertyValueSpecification","valueRequired":true,"valueName":"search_term_string"}}],"inLanguage":"en-US"}]}},"_links":{"self":[{"href":"https:\/\/www.qrious.de\/en\/wp-json\/wp\/v2\/pages\/20569","targetHints":{"allow":["GET"]}}],"collection":[{"href":"https:\/\/www.qrious.de\/en\/wp-json\/wp\/v2\/pages"}],"about":[{"href":"https:\/\/www.qrious.de\/en\/wp-json\/wp\/v2\/types\/page"}],"author":[{"embeddable":true,"href":"https:\/\/www.qrious.de\/en\/wp-json\/wp\/v2\/users\/6"}],"replies":[{"embeddable":true,"href":"https:\/\/www.qrious.de\/en\/wp-json\/wp\/v2\/comments?post=20569"}],"version-history":[{"count":8,"href":"https:\/\/www.qrious.de\/en\/wp-json\/wp\/v2\/pages\/20569\/revisions"}],"predecessor-version":[{"id":22274,"href":"https:\/\/www.qrious.de\/en\/wp-json\/wp\/v2\/pages\/20569\/revisions\/22274"}],"wp:attachment":[{"href":"https:\/\/www.qrious.de\/en\/wp-json\/wp\/v2\/media?parent=20569"}],"curies":[{"name":"wp","href":"https:\/\/api.w.org\/{rel}","templated":true}]}}