{"id":20286,"date":"2017-05-19T13:07:26","date_gmt":"2017-05-19T11:07:26","guid":{"rendered":"https:\/\/www.qrious.de\/imprint\/"},"modified":"2024-10-04T12:09:23","modified_gmt":"2024-10-04T10:09:23","slug":"imprint","status":"publish","type":"page","link":"https:\/\/www.qrious.de\/en\/imprint\/","title":{"rendered":"Impressum"},"content":{"rendered":"<div class=\"wpb-content-wrapper\"><p>[vc_row][vc_column][vc_column_text]<\/p>\n<p>&nbsp;<\/p>\n<p><strong>Q-rious Music<br \/>\n<\/strong>Stefan Gro\u00df <small>(Inhaltlich Verantwortlicher gem\u00e4\u00df \u00a7 10 Absatz 3 MDStV)<\/small><br \/>\nNeue Maastrichter Str. 12-14<br \/>\n50672 K\u00f6ln<\/p>\n<p>Tel.: 49(221)500859-0<br \/>\nFax : 49(221)500859-10<br \/>\nE-Mail: info@qrious.de<\/p>\n<p><strong>Verantwortlich<\/strong><\/p>\n<p>Gesch\u00e4ftsf\u00fchrer: Stefan Gro\u00df,\u00a0 Neue Maastrichter 12-14\u00a0 50672 K\u00f6ln<br \/>\nSteuernr.: 5215 5057 2813. K\u00f6ln-Mitte: UStIdentnr.: DE813448986<br \/>\ninhaltlich verantwortlich (gem. \u00a7 6 MDStV): Stefan Gro\u00df<\/p>\n<p><strong>Disclaimer<\/strong><\/p>\n<p>1. Contents of the website<\/p>\n<p>The contents of this website were written with due diligence and by the author&#8217;s best knowledge. We can be held liable only by general laws, especially for our own contents acc. <a title=\"\u00c2\u00a7 7 TMG: Allgemeine Grunds\u00c3\u00a4tze\" href=\"http:\/\/dejure.org\/gesetze\/TMG\/7.html\" target=\"_blank\" rel=\"noopener\">\u00a7 7 TMG<\/a> (German law on tele-media) and for external contents acc. <a title=\"\u00c2\u00a7 8 TMG: Durchleitung von Informationen\" href=\"http:\/\/dejure.org\/gesetze\/TMG\/8.html\" target=\"_blank\" rel=\"noopener\">\u00a7\u00a7 8 \u20ac\u201c 10 TMG<\/a>. As a Provider of tele-media we can be held liable for external contents only once we have knowledge of a concrete infringement of law. We reserve the right to change or delete contents of this webpage which are not subject to any contractual obligation.<\/p>\n<p>2. Links on external Websites<\/p>\n<p>Contents of external websites on which we are linking direct or indirect (through hyperlinks or deeplinks) are beyond our responsibility and are not adopted as our own content. When the links were published, we didn&#8217;t have knowledge of any illegal activities or contents on these websites. Since we do not have any control on the contents of these websites, we distance ourselves from all contents of all linked websites, which were updated after the setting of the links. For all contents and especially damages, resulting of the use of the linked websites, only the provider of these linked websites can be held liable. If we receive knowledge of illegal contents on these linked websites, we will delete the according links.<\/p>\n<p>3. Intellectual property rights<\/p>\n<p>All content of this website, especially texts, pictures, images, graphical presentations, music, trademarks, brands and so forth, are subject to copyright laws. The use, reproduction and so on are subject to the individual rights of the respective owner of the copyright or administrator of these rights. If you want to use such content, please let us know and we will establish contact with the respective owner\/administrator.<\/p>\n<p>[\/vc_column_text][\/vc_column][\/vc_row]<\/p>\n<\/div>","protected":false},"excerpt":{"rendered":"<p>[vc_row][vc_column][vc_column_text] &nbsp; Q-rious Music Stefan Gro\u00df (Inhaltlich Verantwortlicher gem\u00e4\u00df \u00a7 10 Absatz 3 MDStV) Neue Maastrichter Str. 12-14 50672 K\u00f6ln Tel.: 49(221)500859-0 Fax : 49(221)500859-10 E-Mail: info@qrious.de Verantwortlich Gesch\u00e4ftsf\u00fchrer: Stefan Gro\u00df,\u00a0 Neue Maastrichter 12-14\u00a0 50672 K\u00f6ln Steuernr.: 5215 5057 2813. K\u00f6ln-Mitte: UStIdentnr.: DE813448986 inhaltlich verantwortlich (gem. \u00a7 6 MDStV): Stefan Gro\u00df Disclaimer 1. Contents of [&hellip;]<\/p>\n","protected":false},"author":6,"featured_media":0,"parent":0,"menu_order":0,"comment_status":"closed","ping_status":"closed","template":"","meta":{"footnotes":""},"class_list":["post-20286","page","type-page","status-publish","hentry"],"yoast_head":"<!-- This site is optimized with the Yoast SEO plugin v26.3 - https:\/\/yoast.com\/wordpress\/plugins\/seo\/ -->\n<title>Impressum - Q-rious Music<\/title>\n<meta name=\"robots\" content=\"index, follow, max-snippet:-1, max-image-preview:large, max-video-preview:-1\" \/>\n<link rel=\"canonical\" href=\"https:\/\/www.qrious.de\/en\/imprint\/\" \/>\n<meta property=\"og:locale\" content=\"en_US\" \/>\n<meta property=\"og:type\" content=\"article\" \/>\n<meta property=\"og:title\" content=\"Impressum - Q-rious Music\" \/>\n<meta property=\"og:description\" content=\"[vc_row][vc_column][vc_column_text] &nbsp; Q-rious Music Stefan Gro\u00df (Inhaltlich Verantwortlicher gem\u00e4\u00df \u00a7 10 Absatz 3 MDStV) Neue Maastrichter Str. 12-14 50672 K\u00f6ln Tel.: 49(221)500859-0 Fax : 49(221)500859-10 E-Mail: info@qrious.de Verantwortlich Gesch\u00e4ftsf\u00fchrer: Stefan Gro\u00df,\u00a0 Neue Maastrichter 12-14\u00a0 50672 K\u00f6ln Steuernr.: 5215 5057 2813. K\u00f6ln-Mitte: UStIdentnr.: DE813448986 inhaltlich verantwortlich (gem. \u00a7 6 MDStV): Stefan Gro\u00df Disclaimer 1. Contents of [&hellip;]\" \/>\n<meta property=\"og:url\" content=\"https:\/\/www.qrious.de\/en\/imprint\/\" \/>\n<meta property=\"og:site_name\" content=\"Q-rious Music\" \/>\n<meta property=\"article:publisher\" content=\"https:\/\/www.facebook.com\/QriousMusic\/\" \/>\n<meta property=\"article:modified_time\" content=\"2024-10-04T10:09:23+00:00\" \/>\n<meta name=\"twitter:card\" content=\"summary_large_image\" \/>\n<meta name=\"twitter:label1\" content=\"Est. reading time\" \/>\n\t<meta name=\"twitter:data1\" content=\"2 minutes\" \/>\n<script type=\"application\/ld+json\" class=\"yoast-schema-graph\">{\"@context\":\"https:\/\/schema.org\",\"@graph\":[{\"@type\":\"WebPage\",\"@id\":\"https:\/\/www.qrious.de\/en\/imprint\/\",\"url\":\"https:\/\/www.qrious.de\/en\/imprint\/\",\"name\":\"Impressum - Q-rious Music\",\"isPartOf\":{\"@id\":\"https:\/\/www.qrious.de\/en\/#website\"},\"datePublished\":\"2017-05-19T11:07:26+00:00\",\"dateModified\":\"2024-10-04T10:09:23+00:00\",\"breadcrumb\":{\"@id\":\"https:\/\/www.qrious.de\/en\/imprint\/#breadcrumb\"},\"inLanguage\":\"en-US\",\"potentialAction\":[{\"@type\":\"ReadAction\",\"target\":[\"https:\/\/www.qrious.de\/en\/imprint\/\"]}]},{\"@type\":\"BreadcrumbList\",\"@id\":\"https:\/\/www.qrious.de\/en\/imprint\/#breadcrumb\",\"itemListElement\":[{\"@type\":\"ListItem\",\"position\":1,\"name\":\"Home\",\"item\":\"https:\/\/www.qrious.de\/en\/\"},{\"@type\":\"ListItem\",\"position\":2,\"name\":\"Impressum\"}]},{\"@type\":\"WebSite\",\"@id\":\"https:\/\/www.qrious.de\/en\/#website\",\"url\":\"https:\/\/www.qrious.de\/en\/\",\"name\":\"Q-rious Music\",\"description\":\"Q-rious Music: promotion, distribution, label, publishing\",\"potentialAction\":[{\"@type\":\"SearchAction\",\"target\":{\"@type\":\"EntryPoint\",\"urlTemplate\":\"https:\/\/www.qrious.de\/en\/?s={search_term_string}\"},\"query-input\":{\"@type\":\"PropertyValueSpecification\",\"valueRequired\":true,\"valueName\":\"search_term_string\"}}],\"inLanguage\":\"en-US\"}]}<\/script>\n<!-- \/ Yoast SEO plugin. -->","yoast_head_json":{"title":"Impressum - Q-rious Music","robots":{"index":"index","follow":"follow","max-snippet":"max-snippet:-1","max-image-preview":"max-image-preview:large","max-video-preview":"max-video-preview:-1"},"canonical":"https:\/\/www.qrious.de\/en\/imprint\/","og_locale":"en_US","og_type":"article","og_title":"Impressum - Q-rious Music","og_description":"[vc_row][vc_column][vc_column_text] &nbsp; Q-rious Music Stefan Gro\u00df (Inhaltlich Verantwortlicher gem\u00e4\u00df \u00a7 10 Absatz 3 MDStV) Neue Maastrichter Str. 12-14 50672 K\u00f6ln Tel.: 49(221)500859-0 Fax : 49(221)500859-10 E-Mail: info@qrious.de Verantwortlich Gesch\u00e4ftsf\u00fchrer: Stefan Gro\u00df,\u00a0 Neue Maastrichter 12-14\u00a0 50672 K\u00f6ln Steuernr.: 5215 5057 2813. K\u00f6ln-Mitte: UStIdentnr.: DE813448986 inhaltlich verantwortlich (gem. \u00a7 6 MDStV): Stefan Gro\u00df Disclaimer 1. Contents of [&hellip;]","og_url":"https:\/\/www.qrious.de\/en\/imprint\/","og_site_name":"Q-rious Music","article_publisher":"https:\/\/www.facebook.com\/QriousMusic\/","article_modified_time":"2024-10-04T10:09:23+00:00","twitter_card":"summary_large_image","twitter_misc":{"Est. reading time":"2 minutes"},"schema":{"@context":"https:\/\/schema.org","@graph":[{"@type":"WebPage","@id":"https:\/\/www.qrious.de\/en\/imprint\/","url":"https:\/\/www.qrious.de\/en\/imprint\/","name":"Impressum - Q-rious Music","isPartOf":{"@id":"https:\/\/www.qrious.de\/en\/#website"},"datePublished":"2017-05-19T11:07:26+00:00","dateModified":"2024-10-04T10:09:23+00:00","breadcrumb":{"@id":"https:\/\/www.qrious.de\/en\/imprint\/#breadcrumb"},"inLanguage":"en-US","potentialAction":[{"@type":"ReadAction","target":["https:\/\/www.qrious.de\/en\/imprint\/"]}]},{"@type":"BreadcrumbList","@id":"https:\/\/www.qrious.de\/en\/imprint\/#breadcrumb","itemListElement":[{"@type":"ListItem","position":1,"name":"Home","item":"https:\/\/www.qrious.de\/en\/"},{"@type":"ListItem","position":2,"name":"Impressum"}]},{"@type":"WebSite","@id":"https:\/\/www.qrious.de\/en\/#website","url":"https:\/\/www.qrious.de\/en\/","name":"Q-rious Music","description":"Q-rious Music: promotion, distribution, label, publishing","potentialAction":[{"@type":"SearchAction","target":{"@type":"EntryPoint","urlTemplate":"https:\/\/www.qrious.de\/en\/?s={search_term_string}"},"query-input":{"@type":"PropertyValueSpecification","valueRequired":true,"valueName":"search_term_string"}}],"inLanguage":"en-US"}]}},"_links":{"self":[{"href":"https:\/\/www.qrious.de\/en\/wp-json\/wp\/v2\/pages\/20286","targetHints":{"allow":["GET"]}}],"collection":[{"href":"https:\/\/www.qrious.de\/en\/wp-json\/wp\/v2\/pages"}],"about":[{"href":"https:\/\/www.qrious.de\/en\/wp-json\/wp\/v2\/types\/page"}],"author":[{"embeddable":true,"href":"https:\/\/www.qrious.de\/en\/wp-json\/wp\/v2\/users\/6"}],"replies":[{"embeddable":true,"href":"https:\/\/www.qrious.de\/en\/wp-json\/wp\/v2\/comments?post=20286"}],"version-history":[{"count":0,"href":"https:\/\/www.qrious.de\/en\/wp-json\/wp\/v2\/pages\/20286\/revisions"}],"wp:attachment":[{"href":"https:\/\/www.qrious.de\/en\/wp-json\/wp\/v2\/media?parent=20286"}],"curies":[{"name":"wp","href":"https:\/\/api.w.org\/{rel}","templated":true}]}}