{"id":20218,"date":"2006-05-18T11:29:56","date_gmt":"2006-05-18T09:29:56","guid":{"rendered":"https:\/\/www.qrious.de\/q-rious-music\/"},"modified":"2024-09-03T23:15:08","modified_gmt":"2024-09-03T21:15:08","slug":"q-rious-music","status":"publish","type":"page","link":"https:\/\/www.qrious.de\/en\/q-rious-music\/","title":{"rendered":"Q-rious music"},"content":{"rendered":"<div class=\"wpb-content-wrapper\"><p>[vc_row][vc_column][vc_column_text][:en][\/vc_column_text][\/vc_column][\/vc_row][vc_row][vc_column][vc_custom_heading text=&#8221;If you make special music, let us provide special support.&#8221; font_container=&#8221;tag:h3|text_align:left|color:%23df5461&#8243; google_fonts=&#8221;font_family:Arimo%3Aregular%2Citalic%2C700%2C700italic|font_style:400%20regular%3A400%3Anormal&#8221;][vc_empty_space height=&#8221;40px&#8221;][vc_column_text]Stefan Gro\u00df, responsible for the highly acclaimed work of the renowned jazz and world music label <em>intuition <\/em>from 1995 to 2001, founded the label and promotion agency Q-rious music in May 2002.<br \/>\nThis decision was based on the firm conviction that a sense for exceptional music, plus more than a decade of experience, is a valuable basis for action even in times of industry-wide concern.<br \/>\nQ-rious believes that there will always be people who play special music, just as there will always be people who want to listen to special music.<br \/>\nProviding these two groups with an address worth recommending was and is the company&#8217;s primary goal.<br \/>\nSince October 2006, the promotion division has been managed by Marcel Westphal, who has been with Q-rious music since November 2003.<br \/>\nQ-rious enjoys the trust of a large number of customers from the independent and major sectors.[\/vc_column_text][\/vc_column][\/vc_row][vc_row][vc_column][vc_separator color=&#8221;custom&#8221; accent_color=&#8221;#9e9e9e&#8221;][vc_empty_space height=&#8221;40px&#8221;][vc_column_text]The Q-rious Music team:[\/vc_column_text][\/vc_column][\/vc_row][vc_row][vc_column width=&#8221;1\/4&#8243;][vc_single_image image=&#8221;18581&#8243; img_size=&#8221;medium&#8221;][\/vc_column][vc_column width=&#8221;1\/4&#8243;][vc_column_text]<strong>Stefan Gro\u00df<\/strong><\/p>\n<p style=\"text-align: left;\">Head of Q-rious music<\/p>\n<p style=\"text-align: left;\">E-mail: <a href=\"mailto:sg@qrious.de\">sg@qrious.de<\/a><\/p>\n<p>[\/vc_column_text][\/vc_column][vc_column width=&#8221;1\/4&#8243;][vc_single_image image=&#8221;18582&#8243; img_size=&#8221;medium&#8221;][\/vc_column][vc_column width=&#8221;1\/4&#8243;][vc_column_text]<strong>Marcel Westphal<\/strong> Head of Promotion E-Mail: <a href=\"mailto:mw@qrious.de\">mw@qrious.de<\/a>[\/vc_column_text][\/vc_column][\/vc_row][vc_row][vc_column width=&#8221;1\/4&#8243;][vc_column_text][\/vc_column_text][\/vc_column][vc_column width=&#8221;1\/4&#8243;][\/vc_column][vc_column width=&#8221;1\/4&#8243;][\/vc_column][vc_column width=&#8221;1\/4&#8243;][vc_column_text]<strong>Helene Heuser<\/strong> Promotion Manager E-mail: <a href=\"mailto:team@qrious.de\">team@qrious.de<\/a>&nbsp;<strong>Lisa Ratzow<\/strong> Promotion Manager E-mail: <a href=\"mailto:team@qrious.de\">team@qrious.de<\/a>[\/vc_column_text][\/vc_column][\/vc_row][vc_row][vc_column][vc_column_text][:en][\/vc_column_text][\/vc_column][\/vc_row][vc_row][vc_column][vc_custom_heading text=&#8221;If you make special music, you need a special music company.&#8221; font_container=&#8221;tag:h3|text_align:left|color:%23df5461&#8243; google_fonts=&#8221;font_family:Arimo%3Aregular%2Citalic%2C700%2C700italic|font_style:400%20regular%3A400%3Anormal&#8221;][vc_empty_space height=&#8221;40px&#8221;][vc_column_text]<\/p>\n<p class=\"vc_custom_heading\">Stefan Gro\u00df was managing director for the acclaimed and nominated German Jazz and World Music label <em>intuition\u00c2 <\/em>from 1995 &#8211; 2001<em>.<br \/>\nIn <\/em>\u00c2 In 2002 he founded his own promotional agency and music label <em>Q-rious Music<\/em>.<\/p>\n<p>  Stefan (Stan)\u00c2 started Q-rious because of a firm conviction that his sense of unique and extraordinary music combined with more than a decades worth of industry experience would prove invaluable in his mission to\u00c2 promote and keep alive special\u00c2 music\u00c2 in todays volatile industry.<br \/>\nQ-rious knows that there will always be people that play special music and there will always be people that listen to special music.<br \/>\nQ-rious Music was set up to be the meeting point for these special people.<br \/>\nIn October 2006 Marcel Westphal joined Q-rious to head up the promotions department.<br \/>\nThe Q-rious reputation continues to grow and today enjoys the respect and confidence of the industry and a wide variety of clients from the worlds of music and film.<br \/>\nQ-rious prides itself as being an excellent service provider.[\/vc_column_text][\/vc_column][\/vc_row][vc_row][vc_column][vc_separator color=&#8221;custom&#8221; accent_color=&#8221;#9e9e9e&#8221;][vc_empty_space height=&#8221;40px&#8221;][vc_column_text]The Q-rious Music team:[\/vc_column_text][\/vc_column][\/vc_row][vc_row][vc_column width=&#8221;1\/4&#8243;][vc_single_image image=&#8221;18581&#8243; img_size=&#8221;medium&#8221;][\/vc_column][vc_column width=&#8221;1\/4&#8243;][vc_column_text]<strong>Stefan Gro\u00df<\/strong><\/p>\n<p style=\"text-align: left;\">Head of Q-rious music<\/p>\n<p style=\"text-align: left;\">E-mail: <a href=\"mailto:sg@qrious.de\">sg@qrious.de<\/a><\/p>\n<p>[\/vc_column_text][\/vc_column][vc_column width=&#8221;1\/4&#8243;][vc_single_image image=&#8221;18582&#8243; img_size=&#8221;medium&#8221;][\/vc_column][vc_column width=&#8221;1\/4&#8243;][vc_column_text]<strong>Marcel Westphal<\/strong> Head of Promotion E-Mail: <a href=\"mailto:mw@qrious.de\">mw@qrious.de<\/a>[\/vc_column_text][\/vc_column][\/vc_row][vc_row][vc_column width=&#8221;1\/4&#8243;][\/vc_column][vc_column width=&#8221;1\/4&#8243;][\/vc_column][vc_column width=&#8221;1\/4&#8243;][\/vc_column][vc_column width=&#8221;1\/4&#8243;][vc_column_text]<strong>Helene Heuser<\/strong> Promotion Manager E-mail: <a href=\"mailto:team@qrious.de\">team@qrious.de<\/a>&nbsp;<strong>Lisa Ratzow<\/strong> Promotion Manager E-mail: <a href=\"mailto:team@qrious.de\">team@qrious.de<\/a>[\/vc_column_text][\/vc_column][\/vc_row][vc_row][vc_column][vc_column_text][:][\/vc_column_text][\/vc_column][\/vc_row]<\/p>\n<\/div>","protected":false},"excerpt":{"rendered":"<p>[vc_row][vc_column][vc_column_text][:en][\/vc_column_text][\/vc_column][\/vc_row][vc_row][vc_column][vc_custom_heading text=&#8221;If you make special music, let us provide special support.&#8221; font_container=&#8221;tag:h3|text_align:left|color:%23df5461&#8243; google_fonts=&#8221;font_family:Arimo%3Aregular%2Citalic%2C700%2C700italic|font_style:400%20regular%3A400%3Anormal&#8221;][vc_empty_space height=&#8221;40px&#8221;][vc_column_text]Stefan Gro\u00df, responsible for the highly acclaimed work of the renowned jazz and world music label intuition from 1995 to 2001, founded the label and promotion agency Q-rious music in May 2002. This decision was based on the firm conviction that a [&hellip;]<\/p>\n","protected":false},"author":4,"featured_media":0,"parent":0,"menu_order":0,"comment_status":"closed","ping_status":"open","template":"","meta":{"footnotes":""},"class_list":["post-20218","page","type-page","status-publish","hentry"],"yoast_head":"<!-- This site is optimized with the Yoast SEO plugin v26.3 - https:\/\/yoast.com\/wordpress\/plugins\/seo\/ -->\n<title>Q-rious music - Q-rious Music<\/title>\n<meta name=\"robots\" content=\"index, follow, max-snippet:-1, max-image-preview:large, max-video-preview:-1\" \/>\n<link rel=\"canonical\" href=\"https:\/\/www.qrious.de\/en\/q-rious-music\/\" \/>\n<meta property=\"og:locale\" content=\"en_US\" \/>\n<meta property=\"og:type\" content=\"article\" \/>\n<meta property=\"og:title\" content=\"Q-rious music - Q-rious Music\" \/>\n<meta property=\"og:description\" content=\"[vc_row][vc_column][vc_column_text][:en][\/vc_column_text][\/vc_column][\/vc_row][vc_row][vc_column][vc_custom_heading text=&#8221;If you make special music, let us provide special support.&#8221; font_container=&#8221;tag:h3|text_align:left|color:%23df5461&#8243; google_fonts=&#8221;font_family:Arimo%3Aregular%2Citalic%2C700%2C700italic|font_style:400%20regular%3A400%3Anormal&#8221;][vc_empty_space height=&#8221;40px&#8221;][vc_column_text]Stefan Gro\u00df, responsible for the highly acclaimed work of the renowned jazz and world music label intuition from 1995 to 2001, founded the label and promotion agency Q-rious music in May 2002. This decision was based on the firm conviction that a [&hellip;]\" \/>\n<meta property=\"og:url\" content=\"https:\/\/www.qrious.de\/en\/q-rious-music\/\" \/>\n<meta property=\"og:site_name\" content=\"Q-rious Music\" \/>\n<meta property=\"article:publisher\" content=\"https:\/\/www.facebook.com\/QriousMusic\/\" \/>\n<meta property=\"article:modified_time\" content=\"2024-09-03T21:15:08+00:00\" \/>\n<meta name=\"twitter:card\" content=\"summary_large_image\" \/>\n<meta name=\"twitter:label1\" content=\"Est. reading time\" \/>\n\t<meta name=\"twitter:data1\" content=\"4 minutes\" \/>\n<script type=\"application\/ld+json\" class=\"yoast-schema-graph\">{\"@context\":\"https:\/\/schema.org\",\"@graph\":[{\"@type\":\"WebPage\",\"@id\":\"https:\/\/www.qrious.de\/en\/q-rious-music\/\",\"url\":\"https:\/\/www.qrious.de\/en\/q-rious-music\/\",\"name\":\"Q-rious music - Q-rious Music\",\"isPartOf\":{\"@id\":\"https:\/\/www.qrious.de\/en\/#website\"},\"datePublished\":\"2006-05-18T09:29:56+00:00\",\"dateModified\":\"2024-09-03T21:15:08+00:00\",\"breadcrumb\":{\"@id\":\"https:\/\/www.qrious.de\/en\/q-rious-music\/#breadcrumb\"},\"inLanguage\":\"en-US\",\"potentialAction\":[{\"@type\":\"ReadAction\",\"target\":[\"https:\/\/www.qrious.de\/en\/q-rious-music\/\"]}]},{\"@type\":\"BreadcrumbList\",\"@id\":\"https:\/\/www.qrious.de\/en\/q-rious-music\/#breadcrumb\",\"itemListElement\":[{\"@type\":\"ListItem\",\"position\":1,\"name\":\"Home\",\"item\":\"https:\/\/www.qrious.de\/en\/\"},{\"@type\":\"ListItem\",\"position\":2,\"name\":\"Q-rious music\"}]},{\"@type\":\"WebSite\",\"@id\":\"https:\/\/www.qrious.de\/en\/#website\",\"url\":\"https:\/\/www.qrious.de\/en\/\",\"name\":\"Q-rious Music\",\"description\":\"Q-rious Music: promotion, distribution, label, publishing\",\"potentialAction\":[{\"@type\":\"SearchAction\",\"target\":{\"@type\":\"EntryPoint\",\"urlTemplate\":\"https:\/\/www.qrious.de\/en\/?s={search_term_string}\"},\"query-input\":{\"@type\":\"PropertyValueSpecification\",\"valueRequired\":true,\"valueName\":\"search_term_string\"}}],\"inLanguage\":\"en-US\"}]}<\/script>\n<!-- \/ Yoast SEO plugin. -->","yoast_head_json":{"title":"Q-rious music - Q-rious Music","robots":{"index":"index","follow":"follow","max-snippet":"max-snippet:-1","max-image-preview":"max-image-preview:large","max-video-preview":"max-video-preview:-1"},"canonical":"https:\/\/www.qrious.de\/en\/q-rious-music\/","og_locale":"en_US","og_type":"article","og_title":"Q-rious music - Q-rious Music","og_description":"[vc_row][vc_column][vc_column_text][:en][\/vc_column_text][\/vc_column][\/vc_row][vc_row][vc_column][vc_custom_heading text=&#8221;If you make special music, let us provide special support.&#8221; font_container=&#8221;tag:h3|text_align:left|color:%23df5461&#8243; google_fonts=&#8221;font_family:Arimo%3Aregular%2Citalic%2C700%2C700italic|font_style:400%20regular%3A400%3Anormal&#8221;][vc_empty_space height=&#8221;40px&#8221;][vc_column_text]Stefan Gro\u00df, responsible for the highly acclaimed work of the renowned jazz and world music label intuition from 1995 to 2001, founded the label and promotion agency Q-rious music in May 2002. This decision was based on the firm conviction that a [&hellip;]","og_url":"https:\/\/www.qrious.de\/en\/q-rious-music\/","og_site_name":"Q-rious Music","article_publisher":"https:\/\/www.facebook.com\/QriousMusic\/","article_modified_time":"2024-09-03T21:15:08+00:00","twitter_card":"summary_large_image","twitter_misc":{"Est. reading time":"4 minutes"},"schema":{"@context":"https:\/\/schema.org","@graph":[{"@type":"WebPage","@id":"https:\/\/www.qrious.de\/en\/q-rious-music\/","url":"https:\/\/www.qrious.de\/en\/q-rious-music\/","name":"Q-rious music - Q-rious Music","isPartOf":{"@id":"https:\/\/www.qrious.de\/en\/#website"},"datePublished":"2006-05-18T09:29:56+00:00","dateModified":"2024-09-03T21:15:08+00:00","breadcrumb":{"@id":"https:\/\/www.qrious.de\/en\/q-rious-music\/#breadcrumb"},"inLanguage":"en-US","potentialAction":[{"@type":"ReadAction","target":["https:\/\/www.qrious.de\/en\/q-rious-music\/"]}]},{"@type":"BreadcrumbList","@id":"https:\/\/www.qrious.de\/en\/q-rious-music\/#breadcrumb","itemListElement":[{"@type":"ListItem","position":1,"name":"Home","item":"https:\/\/www.qrious.de\/en\/"},{"@type":"ListItem","position":2,"name":"Q-rious music"}]},{"@type":"WebSite","@id":"https:\/\/www.qrious.de\/en\/#website","url":"https:\/\/www.qrious.de\/en\/","name":"Q-rious Music","description":"Q-rious Music: promotion, distribution, label, publishing","potentialAction":[{"@type":"SearchAction","target":{"@type":"EntryPoint","urlTemplate":"https:\/\/www.qrious.de\/en\/?s={search_term_string}"},"query-input":{"@type":"PropertyValueSpecification","valueRequired":true,"valueName":"search_term_string"}}],"inLanguage":"en-US"}]}},"_links":{"self":[{"href":"https:\/\/www.qrious.de\/en\/wp-json\/wp\/v2\/pages\/20218","targetHints":{"allow":["GET"]}}],"collection":[{"href":"https:\/\/www.qrious.de\/en\/wp-json\/wp\/v2\/pages"}],"about":[{"href":"https:\/\/www.qrious.de\/en\/wp-json\/wp\/v2\/types\/page"}],"author":[{"embeddable":true,"href":"https:\/\/www.qrious.de\/en\/wp-json\/wp\/v2\/users\/4"}],"replies":[{"embeddable":true,"href":"https:\/\/www.qrious.de\/en\/wp-json\/wp\/v2\/comments?post=20218"}],"version-history":[{"count":0,"href":"https:\/\/www.qrious.de\/en\/wp-json\/wp\/v2\/pages\/20218\/revisions"}],"wp:attachment":[{"href":"https:\/\/www.qrious.de\/en\/wp-json\/wp\/v2\/media?parent=20218"}],"curies":[{"name":"wp","href":"https:\/\/api.w.org\/{rel}","templated":true}]}}